{"id":1933,"date":"2020-09-18T07:36:56","date_gmt":"2020-09-18T07:36:56","guid":{"rendered":"https:\/\/mandarinesdirect.com\/?page_id=1933"},"modified":"2022-10-13T15:20:28","modified_gmt":"2022-10-13T15:20:28","slug":"donde-encontrarnos","status":"publish","type":"page","link":"https:\/\/mandarinesdirect.com\/es\/donde-encontrarnos\/","title":{"rendered":"D\u00f3nde encontrarnos"},"content":{"rendered":"\t\t<div data-elementor-type=\"wp-post\" data-elementor-id=\"1933\" class=\"elementor elementor-1933\">\n\t\t\t\t\t\t<div class=\"elementor-inner\">\n\t\t\t\t<div class=\"elementor-section-wrap\">\n\t\t\t\t\t\t\t\t\t<section class=\"elementor-section elementor-top-section elementor-element elementor-element-c2fca41 elementor-section-full_width elementor-section-height-default elementor-section-height-default\" data-id=\"c2fca41\" data-element_type=\"section\">\n\t\t\t\t\t\t<div class=\"elementor-container elementor-column-gap-no\">\n\t\t\t\t\t\t\t<div class=\"elementor-row\">\n\t\t\t\t\t<div class=\"elementor-column elementor-col-100 elementor-top-column elementor-element elementor-element-699bf0e\" data-id=\"699bf0e\" data-element_type=\"column\">\n\t\t\t<div class=\"elementor-column-wrap elementor-element-populated\">\n\t\t\t\t\t\t\t<div class=\"elementor-widget-wrap\">\n\t\t\t\t\t\t<div class=\"elementor-element elementor-element-23d6994 elementor-align-left elementor-widget elementor-widget-about-page-header\" data-id=\"23d6994\" data-element_type=\"widget\" data-widget_type=\"about-page-header.default\">\n\t\t\t\t<div class=\"elementor-widget-container\">\n\t\t\t\r\n\t\t\t\t<div class=\"pages-hero\" style=\"background-image: url(https:\/\/mandarinesdirect.com\/wp-content\/uploads\/2022\/06\/mandarines-direct.jpg);\">\r\n\t\t\r\n\t\t\t<div class=\"container\">\r\n\r\n\t\t\t\t<div class=\"pages-title\">\r\n\r\n\t\t\t\t\t\t\t\t\t\t<h1>D\u00f3nde encontrarnos<\/h1>\r\n\t\t\t\t\t\r\n\t\t\t\t\t<div class=\"page-nav\">\r\n\r\n\t\t\t\t\t\t\t\t\t\t\t\t\t<p><a href=\"https:\/\/mandarinesdirect.com\/es\/\">Home<\/a> &nbsp; | &nbsp; <a>D\u00f3nde encontrarnos<\/a><\/p>\r\n\t\t\t\t\t\t\r\n\t\t\t\t\t<\/div>\r\n\r\n\t\t\t\t<\/div>\r\n\r\n\t\t\t<\/div>  \r\n\r\n\t\t<\/div>\r\n\r\n\t\t\t<\/div>\n\t\t\t\t<\/div>\n\t\t\t\t\t\t<\/div>\n\t\t\t\t\t<\/div>\n\t\t<\/div>\n\t\t\t\t\t\t\t\t<\/div>\n\t\t\t\t\t<\/div>\n\t\t<\/section>\n\t\t\t\t<section class=\"elementor-section elementor-top-section elementor-element elementor-element-5da0c77 elementor-section-full_width elementor-section-height-default elementor-section-height-default\" data-id=\"5da0c77\" data-element_type=\"section\">\n\t\t\t\t\t\t<div class=\"elementor-container elementor-column-gap-no\">\n\t\t\t\t\t\t\t<div class=\"elementor-row\">\n\t\t\t\t\t<div class=\"elementor-column elementor-col-100 elementor-top-column elementor-element elementor-element-136fd43\" data-id=\"136fd43\" data-element_type=\"column\">\n\t\t\t<div class=\"elementor-column-wrap elementor-element-populated\">\n\t\t\t\t\t\t\t<div class=\"elementor-widget-wrap\">\n\t\t\t\t\t\t<div class=\"elementor-element elementor-element-9142259 elementor-widget elementor-widget-shortcode\" data-id=\"9142259\" data-element_type=\"widget\" data-widget_type=\"shortcode.default\">\n\t\t\t\t<div class=\"elementor-widget-container\">\n\t\t\t\t\t<div class=\"elementor-shortcode\"><style type=\"text\/css\" id=\"gmpMapStyles_1_40052\">\r\n\t#google_map_easy_1_40052 {\r\n        width: 100%;\r\n        height: 700px;\r\n\t\t\t\t\t\t    }\r\n\t#gmapControlsNum_1_40052 {\r\n\t\twidth:100%\t}\r\n\t.gmpMapDetailsContainer#gmpMapDetailsContainer_1_40052 {\r\n\t\theight:700px;\r\n\t}\r\n\t.gmp_MapPreview#google_map_easy_1_40052 {\r\n\t\t\/*position:absolute;*\/\r\n\t\twidth: 100%;\r\n\t}\r\n\t#mapConElem_1_40052{\r\n\t\twidth: 100%\t}\r\n    .gm-style .gm-style-iw-c{\r\n        padding: 12px!important;\r\n    }\r\n\t    <\/style>\r\n <div class=\"gmp_map_opts\" id=\"mapConElem_1_40052\" data-id=\"1\" data-view-id=\"1_40052\" > <div class=\"gmpMapDetailsContainer\" id=\"gmpMapDetailsContainer_1_40052\"> <i class=\"gmpKMLLayersPreloader fa fa-spinner fa-spin\" aria-hidden=\"true\" style=\"display: none;\"><\/i> <div class=\"gmp_MapPreview \" id=\"google_map_easy_1_40052\"><\/div> <\/div> <div class=\"gmpMapMarkerFilters\" id=\"gmpMapMarkerFilters_1_40052\"> <\/div> <div class=\"gmpMapProControlsCon\" id=\"gmpMapProControlsCon_1_40052\"> <\/div> <div class=\"gmpMapProDirectionsCon\" id=\"gmpMapProDirectionsCon_1_40052\" > <\/div> <div class=\"gmpMapProKmlFilterCon\" id=\"gmpMapProKmlFilterCon_1_40052\" > <\/div> <div class=\"gmpSocialSharingShell gmpSocialSharingShell_1_40052\"> <\/div> <div style=\"clear: both;\"><\/div> <\/div> <\/div>\n\t\t\t\t<\/div>\n\t\t\t\t<\/div>\n\t\t\t\t\t\t<\/div>\n\t\t\t\t\t<\/div>\n\t\t<\/div>\n\t\t\t\t\t\t\t\t<\/div>\n\t\t\t\t\t<\/div>\n\t\t<\/section>\n\t\t\t\t<section class=\"elementor-section elementor-top-section elementor-element elementor-element-ee2935e elementor-section-height-min-height elementor-section-items-bottom elementor-section-content-bottom elementor-section-boxed elementor-section-height-default\" data-id=\"ee2935e\" data-element_type=\"section\">\n\t\t\t\t\t\t<div class=\"elementor-container elementor-column-gap-extended\">\n\t\t\t\t\t\t\t<div class=\"elementor-row\">\n\t\t\t\t\t<div class=\"elementor-column elementor-col-100 elementor-top-column elementor-element elementor-element-bc20581\" data-id=\"bc20581\" data-element_type=\"column\">\n\t\t\t<div class=\"elementor-column-wrap elementor-element-populated\">\n\t\t\t\t\t\t\t<div class=\"elementor-widget-wrap\">\n\t\t\t\t\t\t<div class=\"elementor-element elementor-element-dfecffe elementor-widget elementor-widget-text-editor\" data-id=\"dfecffe\" data-element_type=\"widget\" data-widget_type=\"text-editor.default\">\n\t\t\t\t<div class=\"elementor-widget-container\">\n\t\t\t\t\t\t\t\t<div class=\"elementor-text-editor elementor-clearfix\">\n\t\t\t\t<h4>\u00bfQuieres ayudarnos a distribuir nuestra fruta? Contacta con nosotros en este correo electr\u00f3nico.<\/h4>\t\t\t\t\t<\/div>\n\t\t\t\t\t\t<\/div>\n\t\t\t\t<\/div>\n\t\t\t\t\t\t<\/div>\n\t\t\t\t\t<\/div>\n\t\t<\/div>\n\t\t\t\t\t\t\t\t<\/div>\n\t\t\t\t\t<\/div>\n\t\t<\/section>\n\t\t\t\t<section class=\"elementor-section elementor-top-section elementor-element elementor-element-6fa565a elementor-section-height-min-height elementor-section-content-top elementor-section-boxed elementor-section-height-default elementor-section-items-middle\" data-id=\"6fa565a\" data-element_type=\"section\">\n\t\t\t\t\t\t<div class=\"elementor-container elementor-column-gap-no\">\n\t\t\t\t\t\t\t<div class=\"elementor-row\">\n\t\t\t\t\t<div class=\"elementor-column elementor-col-16 elementor-top-column elementor-element elementor-element-cf82ca2\" data-id=\"cf82ca2\" data-element_type=\"column\">\n\t\t\t<div class=\"elementor-column-wrap\">\n\t\t\t\t\t\t\t<div class=\"elementor-widget-wrap\">\n\t\t\t\t\t\t\t\t<\/div>\n\t\t\t\t\t<\/div>\n\t\t<\/div>\n\t\t\t\t<div class=\"elementor-column elementor-col-66 elementor-top-column elementor-element elementor-element-320f5d0\" data-id=\"320f5d0\" data-element_type=\"column\">\n\t\t\t<div class=\"elementor-column-wrap elementor-element-populated\">\n\t\t\t\t\t\t\t<div class=\"elementor-widget-wrap\">\n\t\t\t\t\t\t<div class=\"elementor-element elementor-element-7d055af elementor-align-center elementor-widget elementor-widget-contact-page-address\" data-id=\"7d055af\" data-element_type=\"widget\" data-widget_type=\"contact-page-address.default\">\n\t\t\t\t<div class=\"elementor-widget-container\">\n\t\t\t\r\n\t\t<div class=\"container mt-5 mb-5\">\r\n            <div class=\"row\">\r\n            \t                <div class=\"col-lg-4\">\r\n                    <div class=\"contact-box-layer\">\r\n                    \t                        <i class=\"fas fa-envelope\"><\/i>\r\n                                                <div class=\"sb-caption\">\r\n                        \t                            <h4>Emails<\/h4>\r\n                                                                                    <p>info@mandarinesdirect.com<\/p>\r\n                                                    <\/div>\r\n                    <\/div>\r\n                <\/div>\r\n                            <\/div>\r\n        <\/div>\r\n\r\n\t\t\t<\/div>\n\t\t\t\t<\/div>\n\t\t\t\t\t\t<\/div>\n\t\t\t\t\t<\/div>\n\t\t<\/div>\n\t\t\t\t<div class=\"elementor-column elementor-col-16 elementor-top-column elementor-element elementor-element-ac06d2e\" data-id=\"ac06d2e\" data-element_type=\"column\">\n\t\t\t<div class=\"elementor-column-wrap\">\n\t\t\t\t\t\t\t<div class=\"elementor-widget-wrap\">\n\t\t\t\t\t\t\t\t<\/div>\n\t\t\t\t\t<\/div>\n\t\t<\/div>\n\t\t\t\t\t\t\t\t<\/div>\n\t\t\t\t\t<\/div>\n\t\t<\/section>\n\t\t\t\t<section class=\"elementor-section elementor-top-section elementor-element elementor-element-94a78b9 elementor-section-full_width elementor-section-content-middle elementor-section-height-default elementor-section-height-default elementor-invisible\" data-id=\"94a78b9\" data-element_type=\"section\" data-settings=\"{&quot;animation&quot;:&quot;fadeIn&quot;}\">\n\t\t\t\t\t\t<div class=\"elementor-container elementor-column-gap-no\">\n\t\t\t\t\t\t\t<div class=\"elementor-row\">\n\t\t\t\t\t<div class=\"elementor-column elementor-col-100 elementor-top-column elementor-element elementor-element-9041f8d\" data-id=\"9041f8d\" data-element_type=\"column\">\n\t\t\t<div class=\"elementor-column-wrap elementor-element-populated\">\n\t\t\t\t\t\t\t<div class=\"elementor-widget-wrap\">\n\t\t\t\t\t\t<div class=\"elementor-element elementor-element-f9cc2ab elementor-hidden-desktop elementor-hidden-tablet elementor-hidden-mobile elementor-align-left elementor-widget elementor-widget-contact-page-address\" data-id=\"f9cc2ab\" data-element_type=\"widget\" data-widget_type=\"contact-page-address.default\">\n\t\t\t\t<div class=\"elementor-widget-container\">\n\t\t\t\r\n\t\t<div class=\"container mt-5 mb-5\">\r\n            <div class=\"row\">\r\n            \t                <div class=\"col-lg-4\">\r\n                    <div class=\"contact-box-layer\">\r\n                    \t                        <i class=\"fas fa-map-marker-alt\"><\/i>\r\n                                                <div class=\"sb-caption\">\r\n                        \t                            <h4>Ens trobareu<\/h4>\r\n                                                                                    <p>8273 NW 56th ST Miami, Florida,<br \/> 33195 United States<\/p>\r\n                                                    <\/div>\r\n                    <\/div>\r\n                <\/div>\r\n                                <div class=\"col-lg-4\">\r\n                    <div class=\"contact-box-layer\">\r\n                    \t                        <i class=\"fas fa-phone-alt\"><\/i>\r\n                                                <div class=\"sb-caption\">\r\n                        \t                            <h4>Tel\u00e8fons<\/h4>\r\n                                                                                    <p>718-825-3320<br \/>212-632-4120<\/p>\r\n                                                    <\/div>\r\n                    <\/div>\r\n                <\/div>\r\n                                <div class=\"col-lg-4\">\r\n                    <div class=\"contact-box-layer\">\r\n                    \t                        <i class=\"fas fa-envelope\"><\/i>\r\n                                                <div class=\"sb-caption\">\r\n                        \t                            <h4>Emails<\/h4>\r\n                                                                                    <p>info@agroly.com<br \/>sales@agroly.com<\/p>\r\n                                                    <\/div>\r\n                    <\/div>\r\n                <\/div>\r\n                            <\/div>\r\n        <\/div>\r\n\r\n\t\t\t<\/div>\n\t\t\t\t<\/div>\n\t\t\t\t\t\t<\/div>\n\t\t\t\t\t<\/div>\n\t\t<\/div>\n\t\t\t\t\t\t\t\t<\/div>\n\t\t\t\t\t<\/div>\n\t\t<\/section>\n\t\t\t\t<section class=\"elementor-section elementor-top-section elementor-element elementor-element-bbc648a elementor-section-full_width elementor-section-height-default elementor-section-height-default\" data-id=\"bbc648a\" data-element_type=\"section\">\n\t\t\t\t\t\t<div class=\"elementor-container elementor-column-gap-no\">\n\t\t\t\t\t\t\t<div class=\"elementor-row\">\n\t\t\t\t\t<div class=\"elementor-column elementor-col-100 elementor-top-column elementor-element elementor-element-703b81f\" data-id=\"703b81f\" data-element_type=\"column\">\n\t\t\t<div class=\"elementor-column-wrap elementor-element-populated\">\n\t\t\t\t\t\t\t<div class=\"elementor-widget-wrap\">\n\t\t\t\t\t\t<div class=\"elementor-element elementor-element-0b86658 elementor-align-justify elementor-hidden-desktop elementor-hidden-tablet elementor-hidden-mobile elementor-widget elementor-widget-contact-page-contact\" data-id=\"0b86658\" data-element_type=\"widget\" data-widget_type=\"contact-page-contact.default\">\n\t\t\t\t<div class=\"elementor-widget-container\">\n\t\t\t\r\n\t\t<div class=\"wrapper-form mt-5\">\r\n            <div class=\"container\">\r\n                <div class=\"layer-title text-center\">\r\n                \t\t                \t<h2>En que <span class=\"light-text\">et podem ajudar<\/span><\/h2>\r\n\t                \t                \t\t                <p>Podeu trobar els nostres c\u00edtrics a diferents establiments istribu\u00efts per Europa. En el cas de voler convertir-se en distribuidor del nostre producte us heu de posar en contacte deixant-nos un missatge a trav\u00e9s del seg\u00fcent formulari:<\/p>\r\n\t\t                            <\/div>\r\n                <div class=\"row\">\r\n                \t                    <div class=\"col-md-8\">\r\n                        \n<div class=\"wpcf7 no-js\" id=\"wpcf7-f117-o1\" lang=\"ca\" dir=\"ltr\">\n<div class=\"screen-reader-response\"><p role=\"status\" aria-live=\"polite\" aria-atomic=\"true\"><\/p> <ul><\/ul><\/div>\n<form action=\"\/es\/wp-json\/wp\/v2\/pages\/1933#wpcf7-f117-o1\" method=\"post\" class=\"wpcf7-form init\" aria-label=\"Formulari de contacte\" novalidate=\"novalidate\" data-status=\"init\">\n<div style=\"display: none;\">\n<input type=\"hidden\" name=\"_wpcf7\" value=\"117\" \/>\n<input type=\"hidden\" name=\"_wpcf7_version\" value=\"5.7.3\" \/>\n<input type=\"hidden\" name=\"_wpcf7_locale\" value=\"ca\" \/>\n<input type=\"hidden\" name=\"_wpcf7_unit_tag\" value=\"wpcf7-f117-o1\" \/>\n<input type=\"hidden\" name=\"_wpcf7_container_post\" value=\"0\" \/>\n<input type=\"hidden\" name=\"_wpcf7_posted_data_hash\" value=\"\" \/>\n<\/div>\n<div id=\"contact-form\">\n\t<div class=\"messages\">\n\t<\/div>\n\t<div class=\"controls\">\n\t\t<div class=\"row\">\n\t\t\t<div class=\"col-md-6\">\n\t\t\t\t<div class=\"form-group\">\n\t\t\t\t\t<p><span class=\"wpcf7-form-control-wrap\" data-name=\"your-name\"><input size=\"40\" class=\"wpcf7-form-control wpcf7-text wpcf7-validates-as-required form-control customize\" id=\"form_name\" aria-required=\"true\" aria-invalid=\"false\" placeholder=\"Nom\" value=\"\" type=\"text\" name=\"your-name\" \/><\/span>\n\t\t\t\t\t<\/p>\n\t\t\t\t\t<div class=\"help-block with-errors\">\n\t\t\t\t\t<\/div>\n\t\t\t\t<\/div>\n\t\t\t<\/div>\n\t\t\t<div class=\"col-md-6\">\n\t\t\t\t<div class=\"form-group\">\n\t\t\t\t\t<p><span class=\"wpcf7-form-control-wrap\" data-name=\"your-email\"><input size=\"40\" class=\"wpcf7-form-control wpcf7-text wpcf7-email wpcf7-validates-as-required wpcf7-validates-as-email form-control customize\" id=\"form_email\" aria-required=\"true\" aria-invalid=\"false\" placeholder=\"E-mail\" value=\"\" type=\"email\" name=\"your-email\" \/><\/span>\n\t\t\t\t\t<\/p>\n\t\t\t\t\t<div class=\"help-block with-errors\">\n\t\t\t\t\t<\/div>\n\t\t\t\t<\/div>\n\t\t\t<\/div>\n\t\t\t<div class=\"col-md-12\">\n\t\t\t\t<div class=\"form-group\">\n\t\t\t\t\t<p><span class=\"wpcf7-form-control-wrap\" data-name=\"your-phone\"><input size=\"40\" class=\"wpcf7-form-control wpcf7-text wpcf7-tel wpcf7-validates-as-tel form-control customize\" id=\"form_phone\" aria-invalid=\"false\" placeholder=\"Tel\u00e8fon\" value=\"\" type=\"tel\" name=\"your-phone\" \/><\/span>\n\t\t\t\t\t<\/p>\n\t\t\t\t\t<div class=\"help-block with-errors\">\n\t\t\t\t\t<\/div>\n\t\t\t\t<\/div>\n\t\t\t<\/div>\n\t\t\t<div class=\"col-md-12\">\n\t\t\t\t<div class=\"form-group\">\n\t\t\t\t\t<p><span class=\"wpcf7-form-control-wrap\" data-name=\"your-message\"><textarea cols=\"40\" rows=\"10\" class=\"wpcf7-form-control wpcf7-textarea wpcf7-validates-as-required form-control customize\" id=\"form_message\" aria-required=\"true\" aria-invalid=\"false\" placeholder=\"Missatge\" name=\"your-message\"><\/textarea><\/span>\n\t\t\t\t\t<\/p>\n\t\t\t\t\t<div class=\"help-block with-errors\">\n\t\t\t\t\t<\/div>\n\t\t\t\t<\/div>\n\t\t\t<\/div>\n\t\t\t<div class=\"col-md-12\">\n\t\t\t\t<div class=\"form-group\">\n\t\t\t\t\t<p><span class=\"wpcf7-form-control-wrap\" data-name=\"checkbox-817\"><span class=\"wpcf7-form-control wpcf7-checkbox wpcf7-validates-as-required checkbox_poli\"><span class=\"wpcf7-list-item first last\"><label><input type=\"checkbox\" name=\"checkbox-817[]\" value=\"He llegit i accepto la Pol\u00edtica de Privadesa.\" tabindex=\"\" \/><span class=\"wpcf7-list-item-label\">He llegit i accepto la Pol\u00edtica de Privadesa.<\/span><\/label><\/span><\/span><\/span>\n\t\t\t\t\t<\/p>\n\t\t\t\t\t<div class=\"help-block with-errors\">\n\t\t\t\t\t<\/div>\n\t\t\t\t<\/div>\n\t\t\t<\/div>\n\t\t\t<div class=\"col-md-12\">\n\t\t\t\t<div class=\"form-group\">\n\t\t\t\t\t<p><span class=\"wpcf7-form-control-wrap\" data-name=\"checkbox-984\"><span class=\"wpcf7-form-control wpcf7-checkbox wpcf7-validates-as-required checkbox_poli\"><span class=\"wpcf7-list-item first last\"><label><input type=\"checkbox\" name=\"checkbox-984[]\" value=\"Declaro, sota la meua pr\u00f2pia responsabilitat, que s\u00f3c major de 18 anys i responc de manera exclusiva de la veracitat d&#039;aquesta declaraci\u00f3.\" tabindex=\"\" \/><span class=\"wpcf7-list-item-label\">Declaro, sota la meua pr\u00f2pia responsabilitat, que s\u00f3c major de 18 anys i responc de manera exclusiva de la veracitat d&#039;aquesta declaraci\u00f3.<\/span><\/label><\/span><\/span><\/span>\n\t\t\t\t\t<\/p>\n\t\t\t\t\t<div class=\"help-block with-errors\">\n\t\t\t\t\t<\/div>\n\t\t\t\t<\/div>\n\t\t\t<\/div>\n\t\t<\/div>\n\t\t<div class=\"row\">\n\t\t\t<div class=\"col-md-12 btn-send\">\n\t\t\t\t<p><input class=\"wpcf7-form-control has-spinner wpcf7-submit btn btn-contact button\" type=\"submit\" value=\"Enviar\" \/>\n\t\t\t\t<\/p>\n\t\t\t<\/div>\n\t\t<\/div>\n\t<\/div>\n<\/div><p style=\"display: none !important;\"><label>&#916;<textarea name=\"_wpcf7_ak_hp_textarea\" cols=\"45\" rows=\"8\" maxlength=\"100\"><\/textarea><\/label><input type=\"hidden\" id=\"ak_js_1\" name=\"_wpcf7_ak_js\" value=\"88\"\/><script>document.getElementById( \"ak_js_1\" ).setAttribute( \"value\", ( new Date() ).getTime() );<\/script><\/p><div class=\"wpcf7-response-output\" aria-hidden=\"true\"><\/div>\n<\/form>\n<\/div>\n                    <\/div>\r\n                                    <\/div>\r\n            <\/div>\r\n        <\/div>\r\n\r\n\t\t\t<\/div>\n\t\t\t\t<\/div>\n\t\t\t\t\t\t<\/div>\n\t\t\t\t\t<\/div>\n\t\t<\/div>\n\t\t\t\t\t\t\t\t<\/div>\n\t\t\t\t\t<\/div>\n\t\t<\/section>\n\t\t\t\t<section class=\"elementor-section elementor-top-section elementor-element elementor-element-840da5c elementor-section-full_width elementor-section-height-default elementor-section-height-default\" data-id=\"840da5c\" data-element_type=\"section\">\n\t\t\t\t\t\t<div class=\"elementor-container elementor-column-gap-no\">\n\t\t\t\t\t\t\t<div class=\"elementor-row\">\n\t\t\t\t\t<div class=\"elementor-column elementor-col-100 elementor-top-column elementor-element elementor-element-20a500a\" data-id=\"20a500a\" data-element_type=\"column\">\n\t\t\t<div class=\"elementor-column-wrap elementor-element-populated\">\n\t\t\t\t\t\t\t<div class=\"elementor-widget-wrap\">\n\t\t\t\t\t\t<div class=\"elementor-element elementor-element-5cb7edf elementor-hidden-desktop elementor-hidden-tablet elementor-hidden-mobile elementor-align-left elementor-widget elementor-widget-contact-page-map\" data-id=\"5cb7edf\" data-element_type=\"widget\" data-widget_type=\"contact-page-map.default\">\n\t\t\t\t<div class=\"elementor-widget-container\">\n\t\t\t\r\n\t\t\t\t<div class=\"bottom-map\">\r\n            <iframe src=\"https:\/\/www.google.com\/maps\/embed?pb=!1m18!1m12!1m3!1d167616.99483399244!2d-74.08279002518668!3d40.67646407501496!2m3!1f0!2f0!3f0!3m2!1i1024!2i768!4f13.1!3m3!1m2!1s0x89c25a560db693e3{13ca4d77bdcaab6315601cee575ea3864bc34f5d2566f54c9d45b390a05796bc}3A0xb05e8b0bdf854b54!2sGowanus{13ca4d77bdcaab6315601cee575ea3864bc34f5d2566f54c9d45b390a05796bc}2C+Brooklyn{13ca4d77bdcaab6315601cee575ea3864bc34f5d2566f54c9d45b390a05796bc}2C+Nueva+York{13ca4d77bdcaab6315601cee575ea3864bc34f5d2566f54c9d45b390a05796bc}2C+EE.+UU.!5e0!3m2!1ses-419!2sdo!4v1560863423970!5m2!1ses-419!2sdo\" class=\"map-iframe-alt\"><\/iframe>\r\n        <\/div>\r\n        \r\n\t\t\t<\/div>\n\t\t\t\t<\/div>\n\t\t\t\t\t\t<\/div>\n\t\t\t\t\t<\/div>\n\t\t<\/div>\n\t\t\t\t\t\t\t\t<\/div>\n\t\t\t\t\t<\/div>\n\t\t<\/section>\n\t\t\t\t\t\t\t\t\t<\/div>\n\t\t\t<\/div>\n\t\t\t\t\t<\/div>\n\t\t","protected":false},"excerpt":{"rendered":"<p>D\u00f3nde encontrarnos Home &nbsp; | &nbsp; D\u00f3nde encontrarnos \u00bfQuieres ayudarnos a distribuir nuestra fruta? Contacta con nosotros en este correo electr\u00f3nico. Emails info@mandarinesdirect.com Ens trobareu 8273 NW 56th ST Miami, Florida, 33195 United States Tel\u00e8fons 718-825-3320212-632-4120 Emails info@agroly.comsales@agroly.com En que et podem ajudar Podeu trobar els nostres c\u00edtrics a diferents establiments istribu\u00efts per Europa. En [&hellip;]<\/p>\n","protected":false},"author":1,"featured_media":0,"parent":0,"menu_order":0,"comment_status":"closed","ping_status":"closed","template":"page-templates\/home.php","meta":{"inline_featured_image":false,"footnotes":""},"class_list":["post-1933","page","type-page","status-publish","hentry"],"aioseo_notices":[],"_links":{"self":[{"href":"https:\/\/mandarinesdirect.com\/es\/wp-json\/wp\/v2\/pages\/1933","targetHints":{"allow":["GET"]}}],"collection":[{"href":"https:\/\/mandarinesdirect.com\/es\/wp-json\/wp\/v2\/pages"}],"about":[{"href":"https:\/\/mandarinesdirect.com\/es\/wp-json\/wp\/v2\/types\/page"}],"author":[{"embeddable":true,"href":"https:\/\/mandarinesdirect.com\/es\/wp-json\/wp\/v2\/users\/1"}],"replies":[{"embeddable":true,"href":"https:\/\/mandarinesdirect.com\/es\/wp-json\/wp\/v2\/comments?post=1933"}],"version-history":[{"count":6,"href":"https:\/\/mandarinesdirect.com\/es\/wp-json\/wp\/v2\/pages\/1933\/revisions"}],"predecessor-version":[{"id":1939,"href":"https:\/\/mandarinesdirect.com\/es\/wp-json\/wp\/v2\/pages\/1933\/revisions\/1939"}],"wp:attachment":[{"href":"https:\/\/mandarinesdirect.com\/es\/wp-json\/wp\/v2\/media?parent=1933"}],"curies":[{"name":"wp","href":"https:\/\/api.w.org\/{rel}","templated":true}]}}