{"id":1940,"date":"2020-12-15T09:17:09","date_gmt":"2020-12-15T09:17:09","guid":{"rendered":"https:\/\/mandarinesdirect.com\/?page_id=1940"},"modified":"2022-11-15T19:22:12","modified_gmt":"2022-11-15T19:22:12","slug":"productos","status":"publish","type":"page","link":"https:\/\/mandarinesdirect.com\/es\/productos\/","title":{"rendered":"Productos"},"content":{"rendered":"\t\t<div data-elementor-type=\"wp-post\" data-elementor-id=\"1940\" class=\"elementor elementor-1940\">\n\t\t\t\t\t\t<div class=\"elementor-inner\">\n\t\t\t\t<div class=\"elementor-section-wrap\">\n\t\t\t\t\t\t\t\t\t<section class=\"elementor-section elementor-top-section elementor-element elementor-element-4bb7b54 elementor-section-full_width elementor-section-height-default elementor-section-height-default\" data-id=\"4bb7b54\" data-element_type=\"section\">\n\t\t\t\t\t\t<div class=\"elementor-container elementor-column-gap-no\">\n\t\t\t\t\t\t\t<div class=\"elementor-row\">\n\t\t\t\t\t<div class=\"elementor-column elementor-col-100 elementor-top-column elementor-element elementor-element-e9f1e65\" data-id=\"e9f1e65\" data-element_type=\"column\">\n\t\t\t<div class=\"elementor-column-wrap elementor-element-populated\">\n\t\t\t\t\t\t\t<div class=\"elementor-widget-wrap\">\n\t\t\t\t\t\t<div class=\"elementor-element elementor-element-d0620ee elementor-align-left elementor-widget elementor-widget-about-page-header\" data-id=\"d0620ee\" data-element_type=\"widget\" data-widget_type=\"about-page-header.default\">\n\t\t\t\t<div class=\"elementor-widget-container\">\n\t\t\t\r\n\t\t\t\t<div class=\"pages-hero\" style=\"background-image: url(https:\/\/mandarinesdirect.com\/wp-content\/uploads\/2022\/06\/mandarines-direct.jpg);\">\r\n\t\t\r\n\t\t\t<div class=\"container\">\r\n\r\n\t\t\t\t<div class=\"pages-title\">\r\n\r\n\t\t\t\t\t\t\t\t\t\t<h1>Productos<\/h1>\r\n\t\t\t\t\t\r\n\t\t\t\t\t<div class=\"page-nav\">\r\n\r\n\t\t\t\t\t\t\t\t\t\t\t\t\t<p><a href=\"https:\/\/mandarinesdirect.com\/es\/\">Home<\/a> &nbsp; | &nbsp; <a>Productos<\/a><\/p>\r\n\t\t\t\t\t\t\r\n\t\t\t\t\t<\/div>\r\n\r\n\t\t\t\t<\/div>\r\n\r\n\t\t\t<\/div>  \r\n\r\n\t\t<\/div>\r\n\r\n\t\t\t<\/div>\n\t\t\t\t<\/div>\n\t\t\t\t\t\t<\/div>\n\t\t\t\t\t<\/div>\n\t\t<\/div>\n\t\t\t\t\t\t\t\t<\/div>\n\t\t\t\t\t<\/div>\n\t\t<\/section>\n\t\t\t\t<section class=\"elementor-section elementor-top-section elementor-element elementor-element-df360ec elementor-section-full_width elementor-section-height-default elementor-section-height-default\" data-id=\"df360ec\" data-element_type=\"section\">\n\t\t\t\t\t\t<div class=\"elementor-container elementor-column-gap-no\">\n\t\t\t\t\t\t\t<div class=\"elementor-row\">\n\t\t\t\t\t<div class=\"elementor-column elementor-col-100 elementor-top-column elementor-element elementor-element-6364b47\" data-id=\"6364b47\" data-element_type=\"column\">\n\t\t\t<div class=\"elementor-column-wrap elementor-element-populated\">\n\t\t\t\t\t\t\t<div class=\"elementor-widget-wrap\">\n\t\t\t\t\t\t<div class=\"elementor-element elementor-element-3d8e84e elementor-align-left elementor-widget elementor-widget-products-page-products\" data-id=\"3d8e84e\" data-element_type=\"widget\" data-widget_type=\"products-page-products.default\">\n\t\t\t\t<div class=\"elementor-widget-container\">\n\t\t\t\r\n\t\t<section>\r\n\t\t\t<!-- PRODUCTS START -->\r\n\t\t\t<div class=\"container mt-5 mb-5\">\r\n\t\t\t\t\t\t\t\t\t\t\t\t\t<div class=\"row\">\r\n\t\t\t\t\t\t<div class=\"col-lg-7\">\r\n\t\t\t\t\t\t\t<div class=\"product-desc-layer\">\r\n\t\t\t\t\t\t\t\t\t\t\t\t\t\t\t\t\t<h3 class=\"featurette-heading\">Lanelate <br \/><span class=\"light-text text-muted\">Naranja<\/span><\/h3>\r\n\t\t\t\t\t\t\t\t\t\t\t\t\t\t\t\t\t\t\t\t\t\t\t\t\t<p>\r\n\t\t\t\t\t\t\t\t\t\tEs una naranja de tama\u00f1o medio, con una pulpa de textura firme, un sabor dulce y agradable, suave y equilibrado. El fruto tiene un ombligo distintivo. Tiene una gran cantidad de zumo, lo que la hace una buena candidata para zumos de naranja.\t\t\t\t\t\t\t\t\t<\/p>\r\n\t\t\t\t\t\t\t\t\t\t\t\t\t\t\t<\/div>\r\n\t\t\t\t\t\t<\/div>\r\n\t\t\t\t\t\t<div class=\"col-lg-5 col-mt-lg\">\r\n\t\t\t\t\t\t\t\t\t\t\t\t\t\t\t<figure class=\"product-features\">\r\n\t\t\t\t\t\t\t\t\t<img decoding=\"async\" src=\"https:\/\/mandarinesdirect.com\/wp-content\/uploads\/2022\/07\/mandarines-direct-taronges.jpg\" alt=\"\">\r\n\t\t\t\t\t\t\t\t<\/figure>\r\n\t\t\t\t\t\t\t\t\t\t\t\t\t<\/div>\r\n\t\t\t\t\t<\/div>\r\n\t\t\t\t\t\t\t\t\t\t\t\t\t\t\t\t\t<hr class=\"product-divider\">\r\n\t\t\t\t\t<div class=\"row col-mt-lg\">\r\n\t\t\t\t\t\t<div class=\"order-last order-md-3 col-lg-5 col-mt-lg\">\r\n\t\t\t\t\t\t\t\t\t\t\t\t\t\t\t<figure class=\"product-features\">\r\n\t\t\t\t\t\t\t\t\t<img decoding=\"async\" src=\"https:\/\/mandarinesdirect.com\/wp-content\/uploads\/2022\/07\/mandarines-direct-taronges-2.jpg\" alt=\"\">\r\n\t\t\t\t\t\t\t\t<\/figure>\r\n\t\t\t\t\t\t\t\t\t\t\t\t\t<\/div>\r\n\t\t\t\t\t\t<div class=\"order-first order-md-9 col-lg-7\">\r\n\t\t\t\t\t\t\t<div class=\"product-desc-layer\">\r\n\t\t\t\t\t\t\t\t\t\t\t\t\t\t\t\t\t<h3 class=\"featurette-heading\">POWELL SUMMER NAVEL <br \/><span class=\"light-text text-muted\">Naranja<\/span><\/h3>\r\n\t\t\t\t\t\t\t\t\t\t\t\t\t\t\t\t\t\t\t\t\t\t\t\t\t<p>\r\n\t\t\t\t\t\t\t\t\t\tEs una naranja de gran calidad con frutos relativamente aplanados y ovoides, sin semillas y con un zumo con baja acidez y un elevado contenido en az\u00facares, con un color amarillo anaranjado.\n<br><br>\nLa piel es fina y con un agarre a la pulpa moderada. Presenta una mayor firmeza que la lane late, caracter\u00edstica que permite una recolecci\u00f3n de uno a dos meses m\u00e1s tarde.\t\t\t\t\t\t\t\t\t<\/p>\r\n\t\t\t\t\t\t\t\t\t\t\t\t\t\t\t<\/div>\r\n\t\t\t\t\t\t<\/div>\r\n\t\t\t\t\t<\/div>\r\n\t\t\t\t\t\t\t\t\t\t\t\t\t\t\t\t\t\t<hr class=\"product-divider\">\r\n\t\t\t\t\t<div class=\"row col-mt-lg\">\r\n\t\t\t\t\t\t<div class=\"col-lg-7\">\r\n\t\t\t\t\t\t\t<div class=\"product-desc-layer\">\r\n\t\t\t\t\t\t\t\t\t\t\t\t\t\t\t\t\t<h3 class=\"featurette-heading\">NAVELINA <br \/><span class=\"light-text text-muted\">Naranja<\/span><\/h3>\r\n\t\t\t\t\t\t\t\t\t\t\t\t\t\t\t\t\t\t\t\t\t\t\t\t\t<p>\r\n\t\t\t\t\t\t\t\t\t\tEs una naranja de peque\u00f1o tama\u00f1o, de forma oval, con una piel dura, tensa y bastante gruesa. Tiene un sabor intenso y equilibrado, con ombligo.\n<br><br>\nEs una naranja de alta calidad, con una pulpa sabrosa y suave, que se utiliza habitualmente para zumos. Internamente es de un color rojo anaranjado, sin semillas.\t\t\t\t\t\t\t\t\t<\/p>\r\n\t\t\t\t\t\t\t\t\t\t\t\t\t\t\t<\/div>\r\n\t\t\t\t\t\t<\/div>\r\n\t\t\t\t\t\t<div class=\"col-lg-5 col-mt-lg\">\r\n\t\t\t\t\t\t\t\t\t\t\t\t\t\t\t<figure class=\"product-features\">\r\n\t\t\t\t\t\t\t\t\t<img decoding=\"async\" src=\"https:\/\/mandarinesdirect.com\/wp-content\/uploads\/2022\/07\/mandarines-direct-taronges-3.jpg\" alt=\"\">\r\n\t\t\t\t\t\t\t\t<\/figure>\r\n\t\t\t\t\t\t\t\t\t\t\t\t\t<\/div>\r\n\t\t\t\t\t<\/div>\r\n\t\t\t\t\t\t\t\t\t\t\t\t\t\t\t\t\t<div class=\"row\">\r\n\t\t\t\t\t\t<div class=\"col-lg-7\">\r\n\t\t\t\t\t\t\t<div class=\"product-desc-layer\">\r\n\t\t\t\t\t\t\t\t\t\t\t\t\t\t\t\t\t\t\t\t\t\t\t<\/div>\r\n\t\t\t\t\t\t<\/div>\r\n\t\t\t\t\t\t<div class=\"col-lg-5 col-mt-lg\">\r\n\t\t\t\t\t\t\t\t\t\t\t\t\t<\/div>\r\n\t\t\t\t\t<\/div>\r\n\t\t\t\t\t\t\t\t\t\t\t\t\t\t\t\t\t<hr class=\"product-divider\">\r\n\t\t\t\t\t<div class=\"row col-mt-lg\">\r\n\t\t\t\t\t\t<div class=\"order-last order-md-3 col-lg-5 col-mt-lg\">\r\n\t\t\t\t\t\t\t\t\t\t\t\t\t\t\t<figure class=\"product-features\">\r\n\t\t\t\t\t\t\t\t\t<img decoding=\"async\" src=\"https:\/\/mandarinesdirect.com\/wp-content\/uploads\/2022\/07\/mandarines-direct-clemenules.jpg\" alt=\"\">\r\n\t\t\t\t\t\t\t\t<\/figure>\r\n\t\t\t\t\t\t\t\t\t\t\t\t\t<\/div>\r\n\t\t\t\t\t\t<div class=\"order-first order-md-9 col-lg-7\">\r\n\t\t\t\t\t\t\t<div class=\"product-desc-layer\">\r\n\t\t\t\t\t\t\t\t\t\t\t\t\t\t\t\t\t<h3 class=\"featurette-heading\">CLEMENULES<br \/><span class=\"light-text text-muted\">Mandarina<\/span><\/h3>\r\n\t\t\t\t\t\t\t\t\t\t\t\t\t\t\t\t\t\t\t\t\t\t\t\t\t<p>\r\n\t\t\t\t\t\t\t\t\t\tEs una clementina de tama\u00f1o medio, de buen calibre y excelente calidad.\n<br><br>\nSin semillas y con una pulpa tierna. Tiene un sabor dulce, con una piel fina y tersa, que la hace muy f\u00e1cil de pelar. Las condiciones edafol\u00f3gicas y climatol\u00f3gicas de la zona permiten obtener unas clemenueas de gran calidad.\t\t\t\t\t\t\t\t\t<\/p>\r\n\t\t\t\t\t\t\t\t\t\t\t\t\t\t\t<\/div>\r\n\t\t\t\t\t\t<\/div>\r\n\t\t\t\t\t<\/div>\r\n\t\t\t\t\t\t\t\t\t\t\t\t<\/div>\r\n\t\t\t<!-- PRODUCTS END -->\r\n\t\t<\/section> \r\n\r\n\t\t\t<\/div>\n\t\t\t\t<\/div>\n\t\t\t\t\t\t<\/div>\n\t\t\t\t\t<\/div>\n\t\t<\/div>\n\t\t\t\t\t\t\t\t<\/div>\n\t\t\t\t\t<\/div>\n\t\t<\/section>\n\t\t\t\t<section class=\"elementor-section elementor-top-section elementor-element elementor-element-4aaab3f7 elementor-section-full_width elementor-section-height-default elementor-section-height-default\" data-id=\"4aaab3f7\" data-element_type=\"section\">\n\t\t\t\t\t\t<div class=\"elementor-container elementor-column-gap-no\">\n\t\t\t\t\t\t\t<div class=\"elementor-row\">\n\t\t\t\t\t<div class=\"elementor-column elementor-col-100 elementor-top-column elementor-element elementor-element-29ee8c4\" data-id=\"29ee8c4\" data-element_type=\"column\">\n\t\t\t<div class=\"elementor-column-wrap elementor-element-populated\">\n\t\t\t\t\t\t\t<div class=\"elementor-widget-wrap\">\n\t\t\t\t\t\t<div class=\"elementor-element elementor-element-58d00804 elementor-align-left elementor-widget elementor-widget-about-page-career\" data-id=\"58d00804\" data-element_type=\"widget\" data-widget_type=\"about-page-career.default\">\n\t\t\t\t<div class=\"elementor-widget-container\">\n\t\t\t\r\n\t\t\t\t<div class=\"careers-parallax mt-5\" style=\"background-image: url(https:\/\/mandarinesdirect.com\/wp-content\/uploads\/2022\/07\/mandarines-direct.jpg);\">\r\n\t\t            <div class=\"container\">\r\n                <div class=\"cp-bg-layer\">\r\n                    <div class=\"cp-content\">\r\n                    \t                        <h3>FORMATO <br \/><span class=\"light-text\">cajas<\/span><\/h3>\r\n                                                                        <p>Las cajas tendr\u00e1n un peso de 5 kg y 8 kg. El fruto est\u00e1 protegido por una malla, para evitar p\u00e9rdidas o hurtos de fruto.\n<br><br>\nNuestros c\u00edtricos vienen acompa\u00f1ados de hoja, que es un indicador de la frescura del producto. Los c\u00edtricos, seg\u00fan la normativa europea, para poder comercializarse con hoja deben ir acompa\u00f1ados del correspondiente pasaporte fitosanitario, distintivo que indica que el producto est\u00e1 libre de plagas cuarentenarias y que cumple con los niveles de tolerancia exigidos de las plagas reguladas no cuarentenarias.<\/p>\r\n                                            <\/div>\r\n                <\/div>\r\n            <\/div>\r\n        <\/div>\r\n\r\n\t\t\t<\/div>\n\t\t\t\t<\/div>\n\t\t\t\t\t\t<\/div>\n\t\t\t\t\t<\/div>\n\t\t<\/div>\n\t\t\t\t\t\t\t\t<\/div>\n\t\t\t\t\t<\/div>\n\t\t<\/section>\n\t\t\t\t\t\t\t\t\t<\/div>\n\t\t\t<\/div>\n\t\t\t\t\t<\/div>\n\t\t","protected":false},"excerpt":{"rendered":"<p>Productos Home &nbsp; | &nbsp; Productos Lanelate Naranja Es una naranja de tama\u00f1o medio, con una pulpa de textura firme, un sabor dulce y agradable, suave y equilibrado. El fruto tiene un ombligo distintivo. Tiene una gran cantidad de zumo, lo que la hace una buena candidata para zumos de naranja. POWELL SUMMER NAVEL Naranja [&hellip;]<\/p>\n","protected":false},"author":1,"featured_media":0,"parent":0,"menu_order":0,"comment_status":"closed","ping_status":"closed","template":"page-templates\/home.php","meta":{"inline_featured_image":false,"footnotes":""},"class_list":["post-1940","page","type-page","status-publish","hentry"],"aioseo_notices":[],"_links":{"self":[{"href":"https:\/\/mandarinesdirect.com\/es\/wp-json\/wp\/v2\/pages\/1940","targetHints":{"allow":["GET"]}}],"collection":[{"href":"https:\/\/mandarinesdirect.com\/es\/wp-json\/wp\/v2\/pages"}],"about":[{"href":"https:\/\/mandarinesdirect.com\/es\/wp-json\/wp\/v2\/types\/page"}],"author":[{"embeddable":true,"href":"https:\/\/mandarinesdirect.com\/es\/wp-json\/wp\/v2\/users\/1"}],"replies":[{"embeddable":true,"href":"https:\/\/mandarinesdirect.com\/es\/wp-json\/wp\/v2\/comments?post=1940"}],"version-history":[{"count":14,"href":"https:\/\/mandarinesdirect.com\/es\/wp-json\/wp\/v2\/pages\/1940\/revisions"}],"predecessor-version":[{"id":2130,"href":"https:\/\/mandarinesdirect.com\/es\/wp-json\/wp\/v2\/pages\/1940\/revisions\/2130"}],"wp:attachment":[{"href":"https:\/\/mandarinesdirect.com\/es\/wp-json\/wp\/v2\/media?parent=1940"}],"curies":[{"name":"wp","href":"https:\/\/api.w.org\/{rel}","templated":true}]}}