{"id":1949,"date":"2022-06-27T10:51:57","date_gmt":"2022-06-27T10:51:57","guid":{"rendered":"https:\/\/mandarinesdirect.com\/?page_id=1949"},"modified":"2022-11-15T19:40:27","modified_gmt":"2022-11-15T19:40:27","slug":"informacion-de-interes","status":"publish","type":"page","link":"https:\/\/mandarinesdirect.com\/es\/productos\/informacion-de-interes\/","title":{"rendered":"Informaci\u00f3n de interes"},"content":{"rendered":"\t\t<div data-elementor-type=\"wp-page\" data-elementor-id=\"1949\" class=\"elementor elementor-1949\">\n\t\t\t\t\t\t<div class=\"elementor-inner\">\n\t\t\t\t<div class=\"elementor-section-wrap\">\n\t\t\t\t\t\t\t\t\t<section class=\"elementor-section elementor-top-section elementor-element elementor-element-1d3f01e1 elementor-section-full_width elementor-section-height-default elementor-section-height-default\" data-id=\"1d3f01e1\" data-element_type=\"section\">\n\t\t\t\t\t\t<div class=\"elementor-container elementor-column-gap-no\">\n\t\t\t\t\t\t\t<div class=\"elementor-row\">\n\t\t\t\t\t<div class=\"elementor-column elementor-col-100 elementor-top-column elementor-element elementor-element-62c5d5b9\" data-id=\"62c5d5b9\" data-element_type=\"column\">\n\t\t\t<div class=\"elementor-column-wrap elementor-element-populated\">\n\t\t\t\t\t\t\t<div class=\"elementor-widget-wrap\">\n\t\t\t\t\t\t<div class=\"elementor-element elementor-element-3e17649 elementor-align-left elementor-widget elementor-widget-about-page-header\" data-id=\"3e17649\" data-element_type=\"widget\" data-widget_type=\"about-page-header.default\">\n\t\t\t\t<div class=\"elementor-widget-container\">\n\t\t\t\r\n\t\t\t\t<div class=\"pages-hero\" style=\"background-image: url(https:\/\/mandarinesdirect.com\/wp-content\/uploads\/2022\/06\/mandarines-direct.jpg);\">\r\n\t\t\r\n\t\t\t<div class=\"container\">\r\n\r\n\t\t\t\t<div class=\"pages-title\">\r\n\r\n\t\t\t\t\t\t\t\t\t\t<h1>Informaci\u00f3n de inter\u00e9s<\/h1>\r\n\t\t\t\t\t\r\n\t\t\t\t\t<div class=\"page-nav\">\r\n\r\n\t\t\t\t\t\t\t\t\t\t\t\t\t<p><a href=\"https:\/\/mandarinesdirect.com\/es\/\">Home<\/a> &nbsp; | &nbsp; <a>Informaci\u00f3n de inter\u00e9s<\/a><\/p>\r\n\t\t\t\t\t\t\r\n\t\t\t\t\t<\/div>\r\n\r\n\t\t\t\t<\/div>\r\n\r\n\t\t\t<\/div>  \r\n\r\n\t\t<\/div>\r\n\r\n\t\t\t<\/div>\n\t\t\t\t<\/div>\n\t\t\t\t\t\t<\/div>\n\t\t\t\t\t<\/div>\n\t\t<\/div>\n\t\t\t\t\t\t\t\t<\/div>\n\t\t\t\t\t<\/div>\n\t\t<\/section>\n\t\t\t\t<section class=\"elementor-section elementor-top-section elementor-element elementor-element-b7bd8e7 elementor-section-content-middle elementor-section-boxed elementor-section-height-default elementor-section-height-default\" data-id=\"b7bd8e7\" data-element_type=\"section\">\n\t\t\t\t\t\t<div class=\"elementor-container elementor-column-gap-default\">\n\t\t\t\t\t\t\t<div class=\"elementor-row\">\n\t\t\t\t\t<div class=\"elementor-column elementor-col-33 elementor-top-column elementor-element elementor-element-08b2928\" data-id=\"08b2928\" data-element_type=\"column\">\n\t\t\t<div class=\"elementor-column-wrap elementor-element-populated\">\n\t\t\t\t\t\t\t<div class=\"elementor-widget-wrap\">\n\t\t\t\t\t\t<div class=\"elementor-element elementor-element-3ac1500 elementor-widget elementor-widget-text-editor\" data-id=\"3ac1500\" data-element_type=\"widget\" data-widget_type=\"text-editor.default\">\n\t\t\t\t<div class=\"elementor-widget-container\">\n\t\t\t\t\t\t\t\t<div class=\"elementor-text-editor elementor-clearfix\">\n\t\t\t\t<a name=\"maduracion\"><\/a>\n<h5>La dieta mediterr\u00e1nea<\/h5>\n<h2>Mandarinas <span class=\"light-text\">y naranjas<\/span><\/h2>\nLas fechas de maduraci\u00f3n de los frutos son aproximadas ya que la maduraci\u00f3n depende en gran parte de la climatolog\u00eda, por eso nosotros s\u00f3lo enviaremos la fruta cuando \u00e9sta est\u00e9 en su punto \u00f3ptimo de maduraci\u00f3n para poder garantizar todo su buen sabor.\n\n<strong>La dieta mediterr\u00e1nea se basa en una alimentaci\u00f3n saludable y variada. Los c\u00edtricos son una fruta muy importante que no puede faltar en esa dieta.\n<\/strong>\n\nNos aportan vitamina C, necesaria para el crecimiento y desarrollo y para la recuperaci\u00f3n de tejidos, flavonoides, que nos ayudan a reducir los riesgos de sufrir un infarto o un ictus, y betacarotenos, esenciales para la vista, la piel, el cabello y un buen uncionamiento del sistema inmunol\u00f3gico. Nos aportan pocas calor\u00edas y muchos nutrientes, por lo que se recomienda su consumo.\n\nLas fechas de maduraci\u00f3n de los frutos son aproximadas ya que la maduraci\u00f3n depende en gran parte de la climatolog\u00eda, por eso nosotros s\u00f3lo invadiremos la fruta cuando \u00e9sta est\u00e9 en su punto \u00f3ptimo de maduraci\u00f3n para poder garantizar todo su buen sabor.\t\t\t\t\t<\/div>\n\t\t\t\t\t\t<\/div>\n\t\t\t\t<\/div>\n\t\t\t\t<div class=\"elementor-element elementor-element-26c7801 elementor-align-left elementor-widget elementor-widget-button\" data-id=\"26c7801\" data-element_type=\"widget\" data-widget_type=\"button.default\">\n\t\t\t\t<div class=\"elementor-widget-container\">\n\t\t\t\t\t<div class=\"elementor-button-wrapper\">\n\t\t\t<a href=\"https:\/\/mandarinesdirect.com\/es\/productos\/\" class=\"elementor-button-link elementor-button elementor-size-sm\" role=\"button\">\n\t\t\t\t\t\t<span class=\"elementor-button-content-wrapper\">\n\t\t\t\t\t\t<span class=\"elementor-button-text\">Consulta nuestros productos<\/span>\n\t\t<\/span>\n\t\t\t\t\t<\/a>\n\t\t<\/div>\n\t\t\t\t<\/div>\n\t\t\t\t<\/div>\n\t\t\t\t\t\t<\/div>\n\t\t\t\t\t<\/div>\n\t\t<\/div>\n\t\t\t\t<div class=\"elementor-column elementor-col-66 elementor-top-column elementor-element elementor-element-28e2f25\" data-id=\"28e2f25\" data-element_type=\"column\">\n\t\t\t<div class=\"elementor-column-wrap elementor-element-populated\">\n\t\t\t\t\t\t\t<div class=\"elementor-widget-wrap\">\n\t\t\t\t\t\t<div class=\"elementor-element elementor-element-a8e0c33 elementor-widget__width-inherit elementor-widget elementor-widget-image\" data-id=\"a8e0c33\" data-element_type=\"widget\" data-widget_type=\"image.default\">\n\t\t\t\t<div class=\"elementor-widget-container\">\n\t\t\t\t\t\t\t\t<div class=\"elementor-image\">\n\t\t\t\t\t\t\t\t\t\t\t\t<img loading=\"lazy\" decoding=\"async\" width=\"900\" height=\"243\" src=\"https:\/\/mandarinesdirect.com\/wp-content\/uploads\/2022\/07\/22-QUADRES-MADURACIO\u0301-mandarinas-direct-e1657210658960-1024x277.jpg\" class=\"attachment-large size-large wp-image-1884\" alt=\"\" srcset=\"https:\/\/mandarinesdirect.com\/wp-content\/uploads\/2022\/07\/22-QUADRES-MADURACIO\u0301-mandarinas-direct-e1657210658960-1024x277.jpg 1024w, https:\/\/mandarinesdirect.com\/wp-content\/uploads\/2022\/07\/22-QUADRES-MADURACIO\u0301-mandarinas-direct-e1657210658960-300x81.jpg 300w, https:\/\/mandarinesdirect.com\/wp-content\/uploads\/2022\/07\/22-QUADRES-MADURACIO\u0301-mandarinas-direct-e1657210658960-768x208.jpg 768w, https:\/\/mandarinesdirect.com\/wp-content\/uploads\/2022\/07\/22-QUADRES-MADURACIO\u0301-mandarinas-direct-e1657210658960.jpg 1316w\" sizes=\"auto, (max-width: 900px) 100vw, 900px\" \/>\t\t\t\t\t\t\t\t\t\t\t\t\t\t<\/div>\n\t\t\t\t\t\t<\/div>\n\t\t\t\t<\/div>\n\t\t\t\t\t\t<\/div>\n\t\t\t\t\t<\/div>\n\t\t<\/div>\n\t\t\t\t\t\t\t\t<\/div>\n\t\t\t\t\t<\/div>\n\t\t<\/section>\n\t\t\t\t<section class=\"elementor-section elementor-top-section elementor-element elementor-element-725f5f63 elementor-section-full_width elementor-section-height-default elementor-section-height-default\" data-id=\"725f5f63\" data-element_type=\"section\">\n\t\t\t\t\t\t<div class=\"elementor-container elementor-column-gap-no\">\n\t\t\t\t\t\t\t<div class=\"elementor-row\">\n\t\t\t\t\t<div class=\"elementor-column elementor-col-100 elementor-top-column elementor-element elementor-element-6b59cc30\" data-id=\"6b59cc30\" data-element_type=\"column\">\n\t\t\t<div class=\"elementor-column-wrap elementor-element-populated\">\n\t\t\t\t\t\t\t<div class=\"elementor-widget-wrap\">\n\t\t\t\t\t\t<div class=\"elementor-element elementor-element-e038aeb elementor-align-justify elementor-widget elementor-widget-home-2-slider\" data-id=\"e038aeb\" data-element_type=\"widget\" data-widget_type=\"home-2-slider.default\">\n\t\t\t\t<div class=\"elementor-widget-container\">\n\t\t\t\r\n\t\t<div class=\"carousel-wrapper mt-5 mb-5\">\r\n\r\n            <div class=\"wide-slider-layer\">\r\n\r\n                <div class=\"owl-carousel owl-theme\">\r\n\r\n                \t\r\n                    <div class=\"item\">\r\n\r\n                        <div class=\"row no-gutters\"> \r\n\r\n                            <div class=\"col-lg-6 carousel-left-layer\"> \r\n\r\n                                <div class=\"carousel-content\">\r\n\r\n                                \t                                    <h5>Inicio de temporada <\/h5>\r\n                                    \r\n                                                                        <h2><a href=\"\">Mandarinas<br \/><span class=\"light-text\">De octubre hasta finales de\nenero<\/span><\/a><\/h2>\r\n                                    \r\n                                                                        <p>La temporada de las mandarinas se inicia en octubre hasta finales de enero<\/p>\r\n                                    \r\n                                    \r\n                                <\/div>\r\n\r\n                            <\/div> \r\n\r\n                                                        <div class=\"col-lg-6\">\r\n                                <figure class=\"carousel-bg-2\" style=\"background-image: url(https:\/\/mandarinesdirect.com\/wp-content\/uploads\/2022\/06\/mandarines-direct-mandarines.jpg);\"><\/figure>\r\n                            <\/div> \r\n                            \r\n                        <\/div> \r\n\r\n                    <\/div>\r\n\r\n                    \r\n                <\/div>\r\n\r\n                <div class=\"owl-theme\">\r\n\r\n                    <div class=\"owl-controls\">\r\n\r\n                        <div class=\"custom-nav owl-nav\"><\/div>\r\n\r\n                    <\/div>\r\n\r\n                <\/div>\r\n\r\n            <\/div>\r\n\r\n            <div class=\"wide-slider-layer-alt-2 col-mt-lg\">\r\n\r\n                <div class=\"owl-carousel owl-theme\">\r\n\r\n                \t\r\n                    <div class=\"item\">\r\n\r\n                        <div class=\"row no-gutters\"> \r\n\r\n                                                        <div class=\"col-lg-6\">\r\n                                <figure class=\"carousel-bg-3\" style=\"background-image: url(https:\/\/mandarinesdirect.com\/wp-content\/uploads\/2022\/06\/mandarines-direct-queoferim.jpg);\"><\/figure>\r\n                            <\/div> \r\n                            \r\n                            <div class=\"col-lg-6 carousel-left-layer\"> \r\n\r\n                                <div class=\"carousel-content\">\r\n\r\n                                                                        <h5>Inicio de temporada <\/h5>\r\n                                    \r\n                                                                        <h2><a href=\"\">Naranjas<br \/><span class=\"light-text\">De febrero a junio<\/span><\/a><\/h2>\r\n                                    \r\n                                                                        <p>Mientras que con las distintas variedades de naranjas, la cosecha se extiende desde febrero hasta junio.<\/p>\r\n                                    \r\n                                    \r\n                                <\/div>\r\n\r\n                            <\/div> \r\n\r\n                        <\/div> \r\n\r\n                    <\/div>\r\n\r\n                    \r\n                <\/div>\r\n\r\n                <div class=\"owl-theme\">\r\n\r\n                    <div class=\"owl-controls\">\r\n\r\n                        <div class=\"custom-nav owl-nav\"><\/div>\r\n\r\n                    <\/div>\r\n\r\n                <\/div>\r\n\r\n            <\/div>\r\n\r\n        <\/div>\r\n\r\n\t\t\t<\/div>\n\t\t\t\t<\/div>\n\t\t\t\t\t\t<\/div>\n\t\t\t\t\t<\/div>\n\t\t<\/div>\n\t\t\t\t\t\t\t\t<\/div>\n\t\t\t\t\t<\/div>\n\t\t<\/section>\n\t\t\t\t<section class=\"elementor-section elementor-top-section elementor-element elementor-element-89d12a6 elementor-section-content-middle elementor-section-boxed elementor-section-height-default elementor-section-height-default\" data-id=\"89d12a6\" data-element_type=\"section\">\n\t\t\t\t\t\t<div class=\"elementor-container elementor-column-gap-default\">\n\t\t\t\t\t\t\t<div class=\"elementor-row\">\n\t\t\t\t\t<div class=\"elementor-column elementor-col-50 elementor-top-column elementor-element elementor-element-cb34d3e\" data-id=\"cb34d3e\" data-element_type=\"column\">\n\t\t\t<div class=\"elementor-column-wrap elementor-element-populated\">\n\t\t\t\t\t\t\t<div class=\"elementor-widget-wrap\">\n\t\t\t\t\t\t<div class=\"elementor-element elementor-element-9bfdd4e elementor-widget elementor-widget-text-editor\" data-id=\"9bfdd4e\" data-element_type=\"widget\" data-widget_type=\"text-editor.default\">\n\t\t\t\t<div class=\"elementor-widget-container\">\n\t\t\t\t\t\t\t\t<div class=\"elementor-text-editor elementor-clearfix\">\n\t\t\t\t<p><a name=\"nutricional\"><\/a><\/p><div class=\"careers-info\"><h5>Vitamina C y vitamina A<\/h5><h2>Destacan <span class=\"light-text\">por su nivel nutricional<\/span><\/h2><p><strong>NUTRICIONAL Los c\u00edtricos destacan a nivel nutricional por contenidos elevados en vitaminas (destacado la Vitamina C y la Vitamina A), el \u00e1cido f\u00f3lico, minerales (sobre todo potasio) y<br \/>antioxidantes.<br \/><\/strong><\/p><p>Se lleva a cabo una producci\u00f3n siguiendo criterios de sostenibilidad y respetuosa con el medio ambiente, terminando el ciclo de cultivo con una recolecci\u00f3n de la fruta en el momento \u00f3ptimo de madurez, evitando c\u00e1maras frigor\u00edficas, obteniendo un producto con la mayor calidad posible y con los niveles de nutrientes m\u00e1s elevados posibles.<\/p><\/div>\t\t\t\t\t<\/div>\n\t\t\t\t\t\t<\/div>\n\t\t\t\t<\/div>\n\t\t\t\t\t\t<\/div>\n\t\t\t\t\t<\/div>\n\t\t<\/div>\n\t\t\t\t<div class=\"elementor-column elementor-col-50 elementor-top-column elementor-element elementor-element-b7ca8d1\" data-id=\"b7ca8d1\" data-element_type=\"column\">\n\t\t\t<div class=\"elementor-column-wrap elementor-element-populated\">\n\t\t\t\t\t\t\t<div class=\"elementor-widget-wrap\">\n\t\t\t\t\t\t<div class=\"elementor-element elementor-element-bddd86a elementor-widget__width-inherit elementor-widget elementor-widget-image\" data-id=\"bddd86a\" data-element_type=\"widget\" data-widget_type=\"image.default\">\n\t\t\t\t<div class=\"elementor-widget-container\">\n\t\t\t\t\t\t\t\t<div class=\"elementor-image\">\n\t\t\t\t\t\t\t\t\t\t\t\t<img loading=\"lazy\" decoding=\"async\" width=\"900\" height=\"321\" src=\"https:\/\/mandarinesdirect.com\/wp-content\/uploads\/2022\/07\/22-valors-nutricionals-mandarinas-direct-e1657210555839-1024x365.jpg\" class=\"attachment-large size-large wp-image-1886\" alt=\"\" srcset=\"https:\/\/mandarinesdirect.com\/wp-content\/uploads\/2022\/07\/22-valors-nutricionals-mandarinas-direct-e1657210555839-1024x365.jpg 1024w, https:\/\/mandarinesdirect.com\/wp-content\/uploads\/2022\/07\/22-valors-nutricionals-mandarinas-direct-e1657210555839-300x107.jpg 300w, https:\/\/mandarinesdirect.com\/wp-content\/uploads\/2022\/07\/22-valors-nutricionals-mandarinas-direct-e1657210555839-768x273.jpg 768w, https:\/\/mandarinesdirect.com\/wp-content\/uploads\/2022\/07\/22-valors-nutricionals-mandarinas-direct-e1657210555839.jpg 1236w\" sizes=\"auto, (max-width: 900px) 100vw, 900px\" \/>\t\t\t\t\t\t\t\t\t\t\t\t\t\t<\/div>\n\t\t\t\t\t\t<\/div>\n\t\t\t\t<\/div>\n\t\t\t\t\t\t<\/div>\n\t\t\t\t\t<\/div>\n\t\t<\/div>\n\t\t\t\t\t\t\t\t<\/div>\n\t\t\t\t\t<\/div>\n\t\t<\/section>\n\t\t\t\t\t\t\t\t\t<\/div>\n\t\t\t<\/div>\n\t\t\t\t\t<\/div>\n\t\t","protected":false},"excerpt":{"rendered":"<p>Informaci\u00f3n de inter\u00e9s Home &nbsp; | &nbsp; Informaci\u00f3n de inter\u00e9s La dieta mediterr\u00e1nea Mandarinas y naranjas Las fechas de maduraci\u00f3n de los frutos son aproximadas ya que la maduraci\u00f3n depende en gran parte de la climatolog\u00eda, por eso nosotros s\u00f3lo enviaremos la fruta cuando \u00e9sta est\u00e9 en su punto \u00f3ptimo de maduraci\u00f3n para poder garantizar [&hellip;]<\/p>\n","protected":false},"author":1,"featured_media":0,"parent":1940,"menu_order":0,"comment_status":"closed","ping_status":"closed","template":"page-templates\/home.php","meta":{"inline_featured_image":false,"footnotes":""},"class_list":["post-1949","page","type-page","status-publish","hentry"],"aioseo_notices":[],"_links":{"self":[{"href":"https:\/\/mandarinesdirect.com\/es\/wp-json\/wp\/v2\/pages\/1949","targetHints":{"allow":["GET"]}}],"collection":[{"href":"https:\/\/mandarinesdirect.com\/es\/wp-json\/wp\/v2\/pages"}],"about":[{"href":"https:\/\/mandarinesdirect.com\/es\/wp-json\/wp\/v2\/types\/page"}],"author":[{"embeddable":true,"href":"https:\/\/mandarinesdirect.com\/es\/wp-json\/wp\/v2\/users\/1"}],"replies":[{"embeddable":true,"href":"https:\/\/mandarinesdirect.com\/es\/wp-json\/wp\/v2\/comments?post=1949"}],"version-history":[{"count":21,"href":"https:\/\/mandarinesdirect.com\/es\/wp-json\/wp\/v2\/pages\/1949\/revisions"}],"predecessor-version":[{"id":2133,"href":"https:\/\/mandarinesdirect.com\/es\/wp-json\/wp\/v2\/pages\/1949\/revisions\/2133"}],"up":[{"embeddable":true,"href":"https:\/\/mandarinesdirect.com\/es\/wp-json\/wp\/v2\/pages\/1940"}],"wp:attachment":[{"href":"https:\/\/mandarinesdirect.com\/es\/wp-json\/wp\/v2\/media?parent=1949"}],"curies":[{"name":"wp","href":"https:\/\/api.w.org\/{rel}","templated":true}]}}