{"id":1247,"date":"2020-09-18T07:35:32","date_gmt":"2020-09-18T07:35:32","guid":{"rendered":"https:\/\/mandarinesdirect.com\/careers-page\/"},"modified":"2022-11-16T11:24:51","modified_gmt":"2022-11-16T11:24:51","slug":"lentreprise","status":"publish","type":"page","link":"https:\/\/mandarinesdirect.com\/fr\/lentreprise\/","title":{"rendered":"L&rsquo;ENTREPRISE"},"content":{"rendered":"\t\t<div data-elementor-type=\"wp-post\" data-elementor-id=\"1247\" class=\"elementor elementor-1247\">\n\t\t\t\t\t\t<div class=\"elementor-inner\">\n\t\t\t\t<div class=\"elementor-section-wrap\">\n\t\t\t\t\t\t\t\t\t<section class=\"elementor-section elementor-top-section elementor-element elementor-element-fdeb110 elementor-section-full_width elementor-section-height-default elementor-section-height-default\" data-id=\"fdeb110\" data-element_type=\"section\">\n\t\t\t\t\t\t<div class=\"elementor-container elementor-column-gap-no\">\n\t\t\t\t\t\t\t<div class=\"elementor-row\">\n\t\t\t\t\t<div class=\"elementor-column elementor-col-100 elementor-top-column elementor-element elementor-element-1256297\" data-id=\"1256297\" data-element_type=\"column\">\n\t\t\t<div class=\"elementor-column-wrap elementor-element-populated\">\n\t\t\t\t\t\t\t<div class=\"elementor-widget-wrap\">\n\t\t\t\t\t\t<div class=\"elementor-element elementor-element-54f14b7 elementor-align-left elementor-widget elementor-widget-about-page-header\" data-id=\"54f14b7\" data-element_type=\"widget\" data-widget_type=\"about-page-header.default\">\n\t\t\t\t<div class=\"elementor-widget-container\">\n\t\t\t\r\n\t\t\t\t<div class=\"pages-hero\" style=\"background-image: url(https:\/\/mandarinesdirect.com\/wp-content\/uploads\/2022\/06\/mandarines-direct.jpg);\">\r\n\t\t\r\n\t\t\t<div class=\"container\">\r\n\r\n\t\t\t\t<div class=\"pages-title\">\r\n\r\n\t\t\t\t\t\t\t\t\t\t<h1>L'ENTREPRISE <\/h1>\r\n\t\t\t\t\t\r\n\t\t\t\t\t<div class=\"page-nav\">\r\n\r\n\t\t\t\t\t\t\t\t\t\t\t\t\t<p><a href=\"https:\/\/mandarinesdirect.com\/fr\/\">Home<\/a> &nbsp; | &nbsp; <a>L'ENTREPRISE <\/a><\/p>\r\n\t\t\t\t\t\t\r\n\t\t\t\t\t<\/div>\r\n\r\n\t\t\t\t<\/div>\r\n\r\n\t\t\t<\/div>  \r\n\r\n\t\t<\/div>\r\n\r\n\t\t\t<\/div>\n\t\t\t\t<\/div>\n\t\t\t\t\t\t<\/div>\n\t\t\t\t\t<\/div>\n\t\t<\/div>\n\t\t\t\t\t\t\t\t<\/div>\n\t\t\t\t\t<\/div>\n\t\t<\/section>\n\t\t\t\t<section class=\"elementor-section elementor-top-section elementor-element elementor-element-3e1d3d9 elementor-section-full_width elementor-section-height-default elementor-section-height-default\" data-id=\"3e1d3d9\" data-element_type=\"section\">\n\t\t\t\t\t\t<div class=\"elementor-container elementor-column-gap-no\">\n\t\t\t\t\t\t\t<div class=\"elementor-row\">\n\t\t\t\t\t<div class=\"elementor-column elementor-col-100 elementor-top-column elementor-element elementor-element-e0e9d39\" data-id=\"e0e9d39\" data-element_type=\"column\">\n\t\t\t<div class=\"elementor-column-wrap elementor-element-populated\">\n\t\t\t\t\t\t\t<div class=\"elementor-widget-wrap\">\n\t\t\t\t\t\t<div class=\"elementor-element elementor-element-a6aa88f elementor-align-justify elementor-widget elementor-widget-careers-page-about\" data-id=\"a6aa88f\" data-element_type=\"widget\" data-widget_type=\"careers-page-about.default\">\n\t\t\t\t<div class=\"elementor-widget-container\">\n\t\t\t\r\n\t\t<div class=\"container mt-5 mb-5\">\r\n        <div class=\"row\">\r\n            <div class=\"col-lg-6\">\r\n                <div class=\"careers-info\">\r\n                \t                    <h5>mandarinesdirect.com<\/h5>\r\n                                                            <h2>L'entreprise<\/h2>\r\n                                                            <p><strong>La soci\u00e9t\u00e9 Mandarinesdirect est une entreprise familiale qui est situ\u00e9e \u00e0 les Casas de Alcanar. L'entreprise se consacre \u00e0 la production d'oranges depuis plus de 25 ans. <\/strong><\/p>\r\n                                                            <p>Aujourd'hui, nous avons franchi une \u00e9tape suppl\u00e9mentaire et nous nous consacrons \u00e0 la commercialisation des agrumes, oranges et cl\u00e9mentines, afin de pouvoir fournir directement \u00e0 nos clients un produit d'excellente qualit\u00e9.\n\n<br>\n<br>\nNos propri\u00e9t\u00e9s sont situ\u00e9es dans la municipalit\u00e9 d'Alcanar, dans la r\u00e9gion de Montsi\u00e0 (Terres de l'Ebre). Ces deux municipalit\u00e9s b\u00e9n\u00e9ficient d'un climat id\u00e9al pour la production d'agrumes, ce qui, associ\u00e9 \u00e0 une longue tradition et exp\u00e9rience dans cette culture, donne lieu \u00e0 des productions de grande qualit\u00e9, avec la juste proportion de sucres et d'acides.\n<\/p>\r\n                                                            <div class=\"section-btn\">\r\n                        <a href=\"?page_id=1259\" class=\"btn button btn-outline\">Aller \u00e0 nos produits<\/a> \r\n                    <\/div>\r\n                                    <\/div>\r\n            <\/div>\r\n                        <div class=\"col-lg-6  col-mt-lg\">\r\n                <figure class=\"careers-pic\"><img decoding=\"async\" src=\"https:\/\/mandarinesdirect.com\/wp-content\/uploads\/2022\/07\/mandarines-direct-empresa-perfil.jpg\" alt=\"\"><\/figure>\r\n            <\/div>\r\n                    <\/div>\r\n    <\/div>\r\n\r\n\t\t\t<\/div>\n\t\t\t\t<\/div>\n\t\t\t\t\t\t<\/div>\n\t\t\t\t\t<\/div>\n\t\t<\/div>\n\t\t\t\t\t\t\t\t<\/div>\n\t\t\t\t\t<\/div>\n\t\t<\/section>\n\t\t\t\t<section class=\"elementor-section elementor-top-section elementor-element elementor-element-21ea0d4 elementor-section-full_width elementor-hidden-desktop elementor-hidden-tablet elementor-hidden-mobile elementor-section-height-default elementor-section-height-default\" data-id=\"21ea0d4\" data-element_type=\"section\">\n\t\t\t\t\t\t<div class=\"elementor-container elementor-column-gap-no\">\n\t\t\t\t\t\t\t<div class=\"elementor-row\">\n\t\t\t\t\t<div class=\"elementor-column elementor-col-100 elementor-top-column elementor-element elementor-element-e946105\" data-id=\"e946105\" data-element_type=\"column\">\n\t\t\t<div class=\"elementor-column-wrap elementor-element-populated\">\n\t\t\t\t\t\t\t<div class=\"elementor-widget-wrap\">\n\t\t\t\t\t\t<div class=\"elementor-element elementor-element-d7b5c63 elementor-align-left elementor-widget elementor-widget-careers-page-benefits\" data-id=\"d7b5c63\" data-element_type=\"widget\" data-widget_type=\"careers-page-benefits.default\">\n\t\t\t\t<div class=\"elementor-widget-container\">\n\t\t\t\r\n\t\t\t\t<div class=\"careers-parallax-alt mt-5 mb-5\" style=\"background-image: url(https:\/\/shtheme.org\/demosd\/agroly\/wp-content\/uploads\/2020\/12\/ag-pic-21.jpg);\">\r\n\t\t\t\t\t<div class=\"container\">\r\n\t\t\t\t<div class=\"careers-content\">\r\n\t\t\t\t\t<div class=\"row\">\r\n\t\t\t\t\t\t\t\t\t\t\t\t\t<div class=\"col-md-6 col-xl-4\">\r\n\t\t\t\t\t\t\t\t<div class=\"benefits-box\">\r\n\t\t\t\t\t\t\t\t\t\t\t\t\t\t\t\t\t\t\t<figure class=\"benefit-icon\"><img decoding=\"async\" src=\"https:\/\/shtheme.org\/demosd\/agroly\/wp-content\/uploads\/2020\/12\/careers-money.svg\" alt=\"\"><\/figure>\r\n\t\t\t\t\t\t\t\t\t\t\t\t\t\t\t\t\t\t\t\t\t\t\t\t\t\t\t\t<h4>Competitive Salary<\/h4>\r\n\t\t\t\t\t\t\t\t\t\t\t\t\t\t\t\t\t\t\t\t\t\t\t\t\t\t\t\t<p>It is a long established fact that a reader will be distracted by the readable content of a page when looking at its layout.<\/p>\r\n\t\t\t\t\t\t\t\t\t\t\t\t\t\t\t\t\t<\/div>\r\n\t\t\t\t\t\t\t<\/div>\r\n\t\t\t\t\t\t\t\t\t\t\t\t\t<div class=\"col-md-6 col-xl-4\">\r\n\t\t\t\t\t\t\t\t<div class=\"benefits-box\">\r\n\t\t\t\t\t\t\t\t\t\t\t\t\t\t\t\t\t\t\t<figure class=\"benefit-icon\"><img decoding=\"async\" src=\"https:\/\/shtheme.org\/demosd\/agroly\/wp-content\/uploads\/2020\/12\/careers-growth.svg\" alt=\"\"><\/figure>\r\n\t\t\t\t\t\t\t\t\t\t\t\t\t\t\t\t\t\t\t\t\t\t\t\t\t\t\t\t<h4>Growth Opportunities<\/h4>\r\n\t\t\t\t\t\t\t\t\t\t\t\t\t\t\t\t\t\t\t\t\t\t\t\t\t\t\t\t<p>It is a long established fact that a reader will be distracted by the readable content of a page when looking at its layout.<\/p>\r\n\t\t\t\t\t\t\t\t\t\t\t\t\t\t\t\t\t<\/div>\r\n\t\t\t\t\t\t\t<\/div>\r\n\t\t\t\t\t\t\t\t\t\t\t\t\t<div class=\"col-md-6 col-xl-4\">\r\n\t\t\t\t\t\t\t\t<div class=\"benefits-box\">\r\n\t\t\t\t\t\t\t\t\t\t\t\t\t\t\t\t\t\t\t<figure class=\"benefit-icon\"><img decoding=\"async\" src=\"https:\/\/shtheme.org\/demosd\/agroly\/wp-content\/uploads\/2020\/12\/careers-sun-umbrella.svg\" alt=\"\"><\/figure>\r\n\t\t\t\t\t\t\t\t\t\t\t\t\t\t\t\t\t\t\t\t\t\t\t\t\t\t\t\t<h4>Paid Vacations<\/h4>\r\n\t\t\t\t\t\t\t\t\t\t\t\t\t\t\t\t\t\t\t\t\t\t\t\t\t\t\t\t<p>It is a long established fact that a reader will be distracted by the readable content of a page when looking at its layout.<\/p>\r\n\t\t\t\t\t\t\t\t\t\t\t\t\t\t\t\t\t<\/div>\r\n\t\t\t\t\t\t\t<\/div>\r\n\t\t\t\t\t\t\t\t\t\t\t\t\t<div class=\"col-md-6 col-xl-4\">\r\n\t\t\t\t\t\t\t\t<div class=\"benefits-box\">\r\n\t\t\t\t\t\t\t\t\t\t\t\t\t\t\t\t\t\t\t<figure class=\"benefit-icon\"><img decoding=\"async\" src=\"https:\/\/shtheme.org\/demosd\/agroly\/wp-content\/uploads\/2020\/12\/careers-laptop.svg\" alt=\"\"><\/figure>\r\n\t\t\t\t\t\t\t\t\t\t\t\t\t\t\t\t\t\t\t\t\t\t\t\t\t\t\t\t<h4>Work Remotely<\/h4>\r\n\t\t\t\t\t\t\t\t\t\t\t\t\t\t\t\t\t\t\t\t\t\t\t\t\t\t\t\t<p>It is a long established fact that a reader will be distracted by the readable content of a page when looking at its layout.<\/p>\r\n\t\t\t\t\t\t\t\t\t\t\t\t\t\t\t\t\t<\/div>\r\n\t\t\t\t\t\t\t<\/div>\r\n\t\t\t\t\t\t\t\t\t\t\t\t\t<div class=\"col-md-6 col-xl-4\">\r\n\t\t\t\t\t\t\t\t<div class=\"benefits-box\">\r\n\t\t\t\t\t\t\t\t\t\t\t\t\t\t\t\t\t\t\t<figure class=\"benefit-icon\"><img decoding=\"async\" src=\"https:\/\/shtheme.org\/demosd\/agroly\/wp-content\/uploads\/2020\/12\/careers-happy.svg\" alt=\"\"><\/figure>\r\n\t\t\t\t\t\t\t\t\t\t\t\t\t\t\t\t\t\t\t\t\t\t\t\t\t\t\t\t<h4>Retirement Plan<\/h4>\r\n\t\t\t\t\t\t\t\t\t\t\t\t\t\t\t\t\t\t\t\t\t\t\t\t\t\t\t\t<p>It is a long established fact that a reader will be distracted by the readable content of a page when looking at its layout.<\/p>\r\n\t\t\t\t\t\t\t\t\t\t\t\t\t\t\t\t\t<\/div>\r\n\t\t\t\t\t\t\t<\/div>\r\n\t\t\t\t\t\t\t\t\t\t\t\t\t<div class=\"col-md-6 col-xl-4\">\r\n\t\t\t\t\t\t\t\t<div class=\"benefits-box\">\r\n\t\t\t\t\t\t\t\t\t\t\t\t\t\t\t\t\t\t\t<figure class=\"benefit-icon\"><img decoding=\"async\" src=\"https:\/\/shtheme.org\/demosd\/agroly\/wp-content\/uploads\/2020\/12\/careers-healthy.svg\" alt=\"\"><\/figure>\r\n\t\t\t\t\t\t\t\t\t\t\t\t\t\t\t\t\t\t\t\t\t\t\t\t\t\t\t\t<h4>Health Insurance<\/h4>\r\n\t\t\t\t\t\t\t\t\t\t\t\t\t\t\t\t\t\t\t\t\t\t\t\t\t\t\t\t<p>It is a long established fact that a reader will be distracted by the readable content of a page when looking at its layout.<\/p>\r\n\t\t\t\t\t\t\t\t\t\t\t\t\t\t\t\t\t<\/div>\r\n\t\t\t\t\t\t\t<\/div>\r\n\t\t\t\t\t\t\t\t\t\t\t<\/div>\r\n\t\t\t\t<\/div>\r\n\t\t\t<\/div>\r\n\t\t<\/div>\r\n\r\n\t\t\t<\/div>\n\t\t\t\t<\/div>\n\t\t\t\t\t\t<\/div>\n\t\t\t\t\t<\/div>\n\t\t<\/div>\n\t\t\t\t\t\t\t\t<\/div>\n\t\t\t\t\t<\/div>\n\t\t<\/section>\n\t\t\t\t<section class=\"elementor-section elementor-top-section elementor-element elementor-element-761d5db elementor-section-full_width elementor-hidden-desktop elementor-hidden-tablet elementor-hidden-mobile elementor-section-height-default elementor-section-height-default\" data-id=\"761d5db\" data-element_type=\"section\">\n\t\t\t\t\t\t<div class=\"elementor-container elementor-column-gap-no\">\n\t\t\t\t\t\t\t<div class=\"elementor-row\">\n\t\t\t\t\t<div class=\"elementor-column elementor-col-100 elementor-top-column elementor-element elementor-element-5fe1a16\" data-id=\"5fe1a16\" data-element_type=\"column\">\n\t\t\t<div class=\"elementor-column-wrap elementor-element-populated\">\n\t\t\t\t\t\t\t<div class=\"elementor-widget-wrap\">\n\t\t\t\t\t\t<div class=\"elementor-element elementor-element-c030932 elementor-align-left elementor-widget elementor-widget-careers-page-job-list\" data-id=\"c030932\" data-element_type=\"widget\" data-widget_type=\"careers-page-job-list.default\">\n\t\t\t\t<div class=\"elementor-widget-container\">\n\t\t\t\r\n\t\t<div class=\"container mt-5 mb-5 job-list\">\r\n\t\t\t<ul>\r\n\t\t\t\t\t\t\t\t\t<li class=\"list clearfix\">\r\n\t\t\t\t\t\t<div class=\"position-description\">\r\n\t\t\t\t\t\t\t\t\t\t\t\t\t\t\t<h3>Sales Agronomist<\/h3>\r\n\t\t\t\t\t\t\t\t\t\t\t\t\t\t\t\t\t\t\t\t\t\t<p>6 days ago  &nbsp;\/ &nbsp;<i class=\"fas fa-map-marker-alt\"><\/i>&nbsp;  Atlanta Georgia, USA<\/p>\r\n\t\t\t\t\t\t\t\t\t\t\t\t\t<\/div>\r\n\t\t\t\t\t\t\t\t\t\t\t\t\t<div class=\"position-btn\">\r\n\t\t\t\t\t\t\t\t<a href=\"?p=29\" class=\"btn button\">Apply Now<\/a>\r\n\t\t\t\t\t\t\t<\/div>\r\n\t\t\t\t\t\t\t\t\t\t\t<\/li>\r\n\t\t\t\t\t\t\t\t\t<li class=\"list clearfix\">\r\n\t\t\t\t\t\t<div class=\"position-description\">\r\n\t\t\t\t\t\t\t\t\t\t\t\t\t\t\t<h3>Greenhouse Worker<\/h3>\r\n\t\t\t\t\t\t\t\t\t\t\t\t\t\t\t\t\t\t\t\t\t\t<p>8 days ago  &nbsp;\/ &nbsp;<i class=\"fas fa-map-marker-alt\"><\/i>&nbsp;  Miami Florida, USA<\/p>\r\n\t\t\t\t\t\t\t\t\t\t\t\t\t<\/div>\r\n\t\t\t\t\t\t\t\t\t\t\t\t\t<div class=\"position-btn\">\r\n\t\t\t\t\t\t\t\t<a href=\"?p=27\" class=\"btn button\">Apply Now<\/a>\r\n\t\t\t\t\t\t\t<\/div>\r\n\t\t\t\t\t\t\t\t\t\t\t<\/li>\r\n\t\t\t\t\t\t\t\t\t<li class=\"list clearfix\">\r\n\t\t\t\t\t\t<div class=\"position-description\">\r\n\t\t\t\t\t\t\t\t\t\t\t\t\t\t\t<h3>Agriculture Advisor<\/h3>\r\n\t\t\t\t\t\t\t\t\t\t\t\t\t\t\t\t\t\t\t\t\t\t<p>9 days ago  &nbsp;\/ &nbsp;<i class=\"fas fa-map-marker-alt\"><\/i>&nbsp;  Boston Massachuset, USA<\/p>\r\n\t\t\t\t\t\t\t\t\t\t\t\t\t<\/div>\r\n\t\t\t\t\t\t\t\t\t\t\t\t\t<div class=\"position-btn\">\r\n\t\t\t\t\t\t\t\t<a href=\"?p=25\" class=\"btn button\">Apply Now<\/a>\r\n\t\t\t\t\t\t\t<\/div>\r\n\t\t\t\t\t\t\t\t\t\t\t<\/li>\r\n\t\t\t\t\t\t\t\t\t<li class=\"list clearfix\">\r\n\t\t\t\t\t\t<div class=\"position-description\">\r\n\t\t\t\t\t\t\t\t\t\t\t\t\t\t\t<h3>Agricultural Scientist<\/h3>\r\n\t\t\t\t\t\t\t\t\t\t\t\t\t\t\t\t\t\t\t\t\t\t<p>11 days ago  &nbsp;\/ &nbsp;<i class=\"fas fa-map-marker-alt\"><\/i>&nbsp;  Los Angeles California, USA<\/p>\r\n\t\t\t\t\t\t\t\t\t\t\t\t\t<\/div>\r\n\t\t\t\t\t\t\t\t\t\t\t\t\t<div class=\"position-btn\">\r\n\t\t\t\t\t\t\t\t<a href=\"?p=18\" class=\"btn button\">Apply Now<\/a>\r\n\t\t\t\t\t\t\t<\/div>\r\n\t\t\t\t\t\t\t\t\t\t\t<\/li>\r\n\t\t\t\t\t\t\t\t\t<li class=\"list clearfix\">\r\n\t\t\t\t\t\t<div class=\"position-description\">\r\n\t\t\t\t\t\t\t\t\t\t\t\t\t\t\t<h3>Sales Agronomist<\/h3>\r\n\t\t\t\t\t\t\t\t\t\t\t\t\t\t\t\t\t\t\t\t\t\t<p>12 days ago  &nbsp;\/ &nbsp;<i class=\"fas fa-map-marker-alt\"><\/i>&nbsp;  Denver Colorado, USA<\/p>\r\n\t\t\t\t\t\t\t\t\t\t\t\t\t<\/div>\r\n\t\t\t\t\t\t\t\t\t\t\t\t\t<div class=\"position-btn\">\r\n\t\t\t\t\t\t\t\t<a href=\"?p=15\" class=\"btn button\">Apply Now<\/a>\r\n\t\t\t\t\t\t\t<\/div>\r\n\t\t\t\t\t\t\t\t\t\t\t<\/li>\r\n\t\t\t\t\t\t\t\t\t<li class=\"list clearfix\">\r\n\t\t\t\t\t\t<div class=\"position-description\">\r\n\t\t\t\t\t\t\t\t\t\t\t\t\t\t\t<h3>Agricultural Research<\/h3>\r\n\t\t\t\t\t\t\t\t\t\t\t\t\t\t\t\t\t\t\t\t\t\t<p>14 days ago  &nbsp;\/ &nbsp;<i class=\"fas fa-map-marker-alt\"><\/i>&nbsp;  Arlington Texas, USA<\/p>\r\n\t\t\t\t\t\t\t\t\t\t\t\t\t<\/div>\r\n\t\t\t\t\t\t\t\t\t\t\t\t\t<div class=\"position-btn\">\r\n\t\t\t\t\t\t\t\t<a href=\"?p=9\" class=\"btn button\">Apply Now<\/a>\r\n\t\t\t\t\t\t\t<\/div>\r\n\t\t\t\t\t\t\t\t\t\t\t<\/li>\r\n\t\t\t\t\t\t\t<\/ul>\r\n\t\t<\/div>\r\n\r\n\t\t\t<\/div>\n\t\t\t\t<\/div>\n\t\t\t\t\t\t<\/div>\n\t\t\t\t\t<\/div>\n\t\t<\/div>\n\t\t\t\t\t\t\t\t<\/div>\n\t\t\t\t\t<\/div>\n\t\t<\/section>\n\t\t\t\t\t\t\t\t\t<\/div>\n\t\t\t<\/div>\n\t\t\t\t\t<\/div>\n\t\t","protected":false},"excerpt":{"rendered":"<p>L&rsquo;ENTREPRISE Home &nbsp; | &nbsp; L&rsquo;ENTREPRISE mandarinesdirect.com L&rsquo;entreprise La soci\u00e9t\u00e9 Mandarinesdirect est une entreprise familiale qui est situ\u00e9e \u00e0 les Casas de Alcanar. L&rsquo;entreprise se consacre \u00e0 la production d&rsquo;oranges depuis plus de 25 ans. Aujourd&rsquo;hui, nous avons franchi une \u00e9tape suppl\u00e9mentaire et nous nous consacrons \u00e0 la commercialisation des agrumes, oranges et cl\u00e9mentines, afin [&hellip;]<\/p>\n","protected":false},"author":1,"featured_media":0,"parent":0,"menu_order":0,"comment_status":"closed","ping_status":"closed","template":"page-templates\/home.php","meta":{"inline_featured_image":false,"footnotes":""},"class_list":["post-1247","page","type-page","status-publish","hentry"],"aioseo_notices":[],"_links":{"self":[{"href":"https:\/\/mandarinesdirect.com\/fr\/wp-json\/wp\/v2\/pages\/1247","targetHints":{"allow":["GET"]}}],"collection":[{"href":"https:\/\/mandarinesdirect.com\/fr\/wp-json\/wp\/v2\/pages"}],"about":[{"href":"https:\/\/mandarinesdirect.com\/fr\/wp-json\/wp\/v2\/types\/page"}],"author":[{"embeddable":true,"href":"https:\/\/mandarinesdirect.com\/fr\/wp-json\/wp\/v2\/users\/1"}],"replies":[{"embeddable":true,"href":"https:\/\/mandarinesdirect.com\/fr\/wp-json\/wp\/v2\/comments?post=1247"}],"version-history":[{"count":13,"href":"https:\/\/mandarinesdirect.com\/fr\/wp-json\/wp\/v2\/pages\/1247\/revisions"}],"predecessor-version":[{"id":2177,"href":"https:\/\/mandarinesdirect.com\/fr\/wp-json\/wp\/v2\/pages\/1247\/revisions\/2177"}],"wp:attachment":[{"href":"https:\/\/mandarinesdirect.com\/fr\/wp-json\/wp\/v2\/media?parent=1247"}],"curies":[{"name":"wp","href":"https:\/\/api.w.org\/{rel}","templated":true}]}}