{"id":1259,"date":"2020-12-15T09:17:09","date_gmt":"2020-12-15T09:17:09","guid":{"rendered":"https:\/\/mandarinesdirect.com\/productes\/"},"modified":"2022-09-09T07:07:49","modified_gmt":"2022-09-09T07:07:49","slug":"produits","status":"publish","type":"page","link":"https:\/\/mandarinesdirect.com\/fr\/produits\/","title":{"rendered":"Produits"},"content":{"rendered":"\t\t<div data-elementor-type=\"wp-post\" data-elementor-id=\"1259\" class=\"elementor elementor-1259\">\n\t\t\t\t\t\t<div class=\"elementor-inner\">\n\t\t\t\t<div class=\"elementor-section-wrap\">\n\t\t\t\t\t\t\t\t\t<section class=\"elementor-section elementor-top-section elementor-element elementor-element-4bb7b54 elementor-section-full_width elementor-section-height-default elementor-section-height-default\" data-id=\"4bb7b54\" data-element_type=\"section\">\n\t\t\t\t\t\t<div class=\"elementor-container elementor-column-gap-no\">\n\t\t\t\t\t\t\t<div class=\"elementor-row\">\n\t\t\t\t\t<div class=\"elementor-column elementor-col-100 elementor-top-column elementor-element elementor-element-e9f1e65\" data-id=\"e9f1e65\" data-element_type=\"column\">\n\t\t\t<div class=\"elementor-column-wrap elementor-element-populated\">\n\t\t\t\t\t\t\t<div class=\"elementor-widget-wrap\">\n\t\t\t\t\t\t<div class=\"elementor-element elementor-element-d0620ee elementor-align-left elementor-widget elementor-widget-about-page-header\" data-id=\"d0620ee\" data-element_type=\"widget\" data-widget_type=\"about-page-header.default\">\n\t\t\t\t<div class=\"elementor-widget-container\">\n\t\t\t\r\n\t\t\t\t<div class=\"pages-hero\" style=\"background-image: url(https:\/\/mandarinesdirect.com\/wp-content\/uploads\/2022\/06\/mandarines-direct.jpg);\">\r\n\t\t\r\n\t\t\t<div class=\"container\">\r\n\r\n\t\t\t\t<div class=\"pages-title\">\r\n\r\n\t\t\t\t\t\t\t\t\t\t<h1>Produits<\/h1>\r\n\t\t\t\t\t\r\n\t\t\t\t\t<div class=\"page-nav\">\r\n\r\n\t\t\t\t\t\t\t\t\t\t\t\t\t<p><a href=\"https:\/\/mandarinesdirect.com\/fr\/\">Home<\/a> &nbsp; | &nbsp; <a>Produits<\/a><\/p>\r\n\t\t\t\t\t\t\r\n\t\t\t\t\t<\/div>\r\n\r\n\t\t\t\t<\/div>\r\n\r\n\t\t\t<\/div>  \r\n\r\n\t\t<\/div>\r\n\r\n\t\t\t<\/div>\n\t\t\t\t<\/div>\n\t\t\t\t\t\t<\/div>\n\t\t\t\t\t<\/div>\n\t\t<\/div>\n\t\t\t\t\t\t\t\t<\/div>\n\t\t\t\t\t<\/div>\n\t\t<\/section>\n\t\t\t\t<section class=\"elementor-section elementor-top-section elementor-element elementor-element-df360ec elementor-section-full_width elementor-section-height-default elementor-section-height-default\" data-id=\"df360ec\" data-element_type=\"section\">\n\t\t\t\t\t\t<div class=\"elementor-container elementor-column-gap-no\">\n\t\t\t\t\t\t\t<div class=\"elementor-row\">\n\t\t\t\t\t<div class=\"elementor-column elementor-col-100 elementor-top-column elementor-element elementor-element-6364b47\" data-id=\"6364b47\" data-element_type=\"column\">\n\t\t\t<div class=\"elementor-column-wrap elementor-element-populated\">\n\t\t\t\t\t\t\t<div class=\"elementor-widget-wrap\">\n\t\t\t\t\t\t<div class=\"elementor-element elementor-element-3d8e84e elementor-align-left elementor-widget elementor-widget-products-page-products\" data-id=\"3d8e84e\" data-element_type=\"widget\" data-widget_type=\"products-page-products.default\">\n\t\t\t\t<div class=\"elementor-widget-container\">\n\t\t\t\r\n\t\t<section>\r\n\t\t\t<!-- PRODUCTS START -->\r\n\t\t\t<div class=\"container mt-5 mb-5\">\r\n\t\t\t\t\t\t\t\t\t\t\t\t\t<div class=\"row\">\r\n\t\t\t\t\t\t<div class=\"col-lg-7\">\r\n\t\t\t\t\t\t\t<div class=\"product-desc-layer\">\r\n\t\t\t\t\t\t\t\t\t\t\t\t\t\t\t\t\t<h3 class=\"featurette-heading\">Lanelate <br \/><span class=\"light-text text-muted\">Orange<\/span><\/h3>\r\n\t\t\t\t\t\t\t\t\t\t\t\t\t\t\t\t\t\t\t\t\t\t\t\t\t<p>\r\n\t\t\t\t\t\t\t\t\t\tC'est une orange de taille moyenne, avec une pulpe de texture ferme, un go\u00fbt sucr\u00e9 et agr\u00e9able, doux et \u00e9quilibr\u00e9. Le fruit a un nombril distinctif. Il contient une grande quantit\u00e9 de jus, ce qui en fait un bon candidat pour le jus d'orange.\t\t\t\t\t\t\t\t\t<\/p>\r\n\t\t\t\t\t\t\t\t\t\t\t\t\t\t\t<\/div>\r\n\t\t\t\t\t\t<\/div>\r\n\t\t\t\t\t\t<div class=\"col-lg-5 col-mt-lg\">\r\n\t\t\t\t\t\t\t\t\t\t\t\t\t\t\t<figure class=\"product-features\">\r\n\t\t\t\t\t\t\t\t\t<img decoding=\"async\" src=\"https:\/\/mandarinesdirect.com\/wp-content\/uploads\/2022\/07\/mandarines-direct-taronges.jpg\" alt=\"\">\r\n\t\t\t\t\t\t\t\t<\/figure>\r\n\t\t\t\t\t\t\t\t\t\t\t\t\t<\/div>\r\n\t\t\t\t\t<\/div>\r\n\t\t\t\t\t\t\t\t\t\t\t\t\t\t\t\t\t<hr class=\"product-divider\">\r\n\t\t\t\t\t<div class=\"row col-mt-lg\">\r\n\t\t\t\t\t\t<div class=\"order-last order-md-3 col-lg-5 col-mt-lg\">\r\n\t\t\t\t\t\t\t\t\t\t\t\t\t\t\t<figure class=\"product-features\">\r\n\t\t\t\t\t\t\t\t\t<img decoding=\"async\" src=\"https:\/\/mandarinesdirect.com\/wp-content\/uploads\/2022\/07\/mandarines-direct-taronges-2.jpg\" alt=\"\">\r\n\t\t\t\t\t\t\t\t<\/figure>\r\n\t\t\t\t\t\t\t\t\t\t\t\t\t<\/div>\r\n\t\t\t\t\t\t<div class=\"order-first order-md-9 col-lg-7\">\r\n\t\t\t\t\t\t\t<div class=\"product-desc-layer\">\r\n\t\t\t\t\t\t\t\t\t\t\t\t\t\t\t\t\t<h3 class=\"featurette-heading\">POWELL SUMMER NAVEL <br \/><span class=\"light-text text-muted\">Orange<\/span><\/h3>\r\n\t\t\t\t\t\t\t\t\t\t\t\t\t\t\t\t\t\t\t\t\t\t\t\t\t<p>\r\n\t\t\t\t\t\t\t\t\t\tIl s'agit d'une orange de qualit\u00e9 sup\u00e9rieure avec des fruits relativement aplatis et ovo\u00efdes, sans p\u00e9pins et dont le jus a une faible acidit\u00e9 et une forte teneur en sucre, de couleur jaune-orange.\n<br><br>\nLa peau est fine et avec une adh\u00e9rence \u00e0 la pulpe mod\u00e9r\u00e9e. Elle est plus ferme que la Lane Late, une caract\u00e9ristique qui permet de la r\u00e9colter un \u00e0 deux mois plus tard.\t\t\t\t\t\t\t\t\t<\/p>\r\n\t\t\t\t\t\t\t\t\t\t\t\t\t\t\t<\/div>\r\n\t\t\t\t\t\t<\/div>\r\n\t\t\t\t\t<\/div>\r\n\t\t\t\t\t\t\t\t\t\t\t\t\t\t\t\t\t\t<hr class=\"product-divider\">\r\n\t\t\t\t\t<div class=\"row col-mt-lg\">\r\n\t\t\t\t\t\t<div class=\"col-lg-7\">\r\n\t\t\t\t\t\t\t<div class=\"product-desc-layer\">\r\n\t\t\t\t\t\t\t\t\t\t\t\t\t\t\t\t\t<h3 class=\"featurette-heading\">NAVELINA <br \/><span class=\"light-text text-muted\">Orange<\/span><\/h3>\r\n\t\t\t\t\t\t\t\t\t\t\t\t\t\t\t\t\t\t\t\t\t\t\t\t\t<p>\r\n\t\t\t\t\t\t\t\t\t\tC'est une petite orange de forme ovale avec une peau dure, serr\u00e9e et plut\u00f4t \u00e9paisse. Elle a un go\u00fbt intense et \u00e9quilibr\u00e9, avec un nombril.\n<br><br>\nC'est une orange de qualit\u00e9 sup\u00e9rieure, avec une pulpe savoureuse et douce, qui est couramment utilis\u00e9e pour les jus. \u00c0 l'int\u00e9rieur, elle est de couleur rouge orang\u00e9, sans p\u00e9pins.\t\t\t\t\t\t\t\t\t<\/p>\r\n\t\t\t\t\t\t\t\t\t\t\t\t\t\t\t<\/div>\r\n\t\t\t\t\t\t<\/div>\r\n\t\t\t\t\t\t<div class=\"col-lg-5 col-mt-lg\">\r\n\t\t\t\t\t\t\t\t\t\t\t\t\t\t\t<figure class=\"product-features\">\r\n\t\t\t\t\t\t\t\t\t<img decoding=\"async\" src=\"https:\/\/mandarinesdirect.com\/wp-content\/uploads\/2022\/07\/mandarines-direct-taronges-3.jpg\" alt=\"\">\r\n\t\t\t\t\t\t\t\t<\/figure>\r\n\t\t\t\t\t\t\t\t\t\t\t\t\t<\/div>\r\n\t\t\t\t\t<\/div>\r\n\t\t\t\t\t\t\t\t\t\t\t\t\t\t\t\t\t<div class=\"row\">\r\n\t\t\t\t\t\t<div class=\"col-lg-7\">\r\n\t\t\t\t\t\t\t<div class=\"product-desc-layer\">\r\n\t\t\t\t\t\t\t\t\t\t\t\t\t\t\t\t\t\t\t\t\t\t\t<\/div>\r\n\t\t\t\t\t\t<\/div>\r\n\t\t\t\t\t\t<div class=\"col-lg-5 col-mt-lg\">\r\n\t\t\t\t\t\t\t\t\t\t\t\t\t<\/div>\r\n\t\t\t\t\t<\/div>\r\n\t\t\t\t\t\t\t\t\t\t\t\t\t\t\t\t\t<hr class=\"product-divider\">\r\n\t\t\t\t\t<div class=\"row col-mt-lg\">\r\n\t\t\t\t\t\t<div class=\"order-last order-md-3 col-lg-5 col-mt-lg\">\r\n\t\t\t\t\t\t\t\t\t\t\t\t\t\t\t<figure class=\"product-features\">\r\n\t\t\t\t\t\t\t\t\t<img decoding=\"async\" src=\"https:\/\/mandarinesdirect.com\/wp-content\/uploads\/2022\/07\/mandarines-direct-clemenules.jpg\" alt=\"\">\r\n\t\t\t\t\t\t\t\t<\/figure>\r\n\t\t\t\t\t\t\t\t\t\t\t\t\t<\/div>\r\n\t\t\t\t\t\t<div class=\"order-first order-md-9 col-lg-7\">\r\n\t\t\t\t\t\t\t<div class=\"product-desc-layer\">\r\n\t\t\t\t\t\t\t\t\t\t\t\t\t\t\t\t\t<h3 class=\"featurette-heading\">CLEMENULES<br \/><span class=\"light-text text-muted\">Mandarine<\/span><\/h3>\r\n\t\t\t\t\t\t\t\t\t\t\t\t\t\t\t\t\t\t\t\t\t\t\t\t\t<p>\r\n\t\t\t\t\t\t\t\t\t\tC'est une cl\u00e9mentine de taille moyenne, de bon calibre et d'excellente qualit\u00e9.\n<br><br>\nSans p\u00e9pins et avec une pulpe tendre. Elle a un go\u00fbt sucr\u00e9, une peau fine et lisse, ce qui la rend tr\u00e8s facile \u00e0 peler. Les conditions p\u00e9dologiques et climatiques de la r\u00e9gion permettent d'obtenir des cl\u00e9mentines de grande qualit\u00e9.\t\t\t\t\t\t\t\t\t<\/p>\r\n\t\t\t\t\t\t\t\t\t\t\t\t\t\t\t<\/div>\r\n\t\t\t\t\t\t<\/div>\r\n\t\t\t\t\t<\/div>\r\n\t\t\t\t\t\t\t\t\t\t\t\t<\/div>\r\n\t\t\t<!-- PRODUCTS END -->\r\n\t\t<\/section> \r\n\r\n\t\t\t<\/div>\n\t\t\t\t<\/div>\n\t\t\t\t\t\t<\/div>\n\t\t\t\t\t<\/div>\n\t\t<\/div>\n\t\t\t\t\t\t\t\t<\/div>\n\t\t\t\t\t<\/div>\n\t\t<\/section>\n\t\t\t\t<section class=\"elementor-section elementor-top-section elementor-element elementor-element-4aaab3f7 elementor-section-full_width elementor-section-height-default elementor-section-height-default\" data-id=\"4aaab3f7\" data-element_type=\"section\">\n\t\t\t\t\t\t<div class=\"elementor-container elementor-column-gap-no\">\n\t\t\t\t\t\t\t<div class=\"elementor-row\">\n\t\t\t\t\t<div class=\"elementor-column elementor-col-100 elementor-top-column elementor-element elementor-element-29ee8c4\" data-id=\"29ee8c4\" data-element_type=\"column\">\n\t\t\t<div class=\"elementor-column-wrap elementor-element-populated\">\n\t\t\t\t\t\t\t<div class=\"elementor-widget-wrap\">\n\t\t\t\t\t\t<div class=\"elementor-element elementor-element-58d00804 elementor-align-left elementor-widget elementor-widget-about-page-career\" data-id=\"58d00804\" data-element_type=\"widget\" data-widget_type=\"about-page-career.default\">\n\t\t\t\t<div class=\"elementor-widget-container\">\n\t\t\t\r\n\t\t\t\t<div class=\"careers-parallax mt-5\" style=\"background-image: url(https:\/\/mandarinesdirect.com\/wp-content\/uploads\/2022\/07\/mandarines-direct.jpg);\">\r\n\t\t            <div class=\"container\">\r\n                <div class=\"cp-bg-layer\">\r\n                    <div class=\"cp-content\">\r\n                    \t                        <h3>FORMAT  <br \/><span class=\"light-text\">caisses<\/span><\/h3>\r\n                                                                        <p>Les caisses ont un poids de 5\u00a0kg et 8\u00a0kg. Le fruit est prot\u00e9g\u00e9 par un filet, pour \u00e9viter les pertes ou les vols de fruits.\n<br><br>\nNos agrumes sont accompagn\u00e9s de feuilles, ce qui est un indicateur de la fra\u00eecheur du produit. Selon la r\u00e9glementation europ\u00e9enne, pour pouvoir \u00eatre commercialis\u00e9s avec des feuilles, les agrumes doivent \u00eatre accompagn\u00e9s du passeport phytosanitaire correspondant, une marque qui indique que le produit est exempt d'organismes de quarantaine et qu'il respecte les niveaux de tol\u00e9rance requis pour les organismes non quarantenaires r\u00e9glement\u00e9s.<\/p>\r\n                                            <\/div>\r\n                <\/div>\r\n            <\/div>\r\n        <\/div>\r\n\r\n\t\t\t<\/div>\n\t\t\t\t<\/div>\n\t\t\t\t\t\t<\/div>\n\t\t\t\t\t<\/div>\n\t\t<\/div>\n\t\t\t\t\t\t\t\t<\/div>\n\t\t\t\t\t<\/div>\n\t\t<\/section>\n\t\t\t\t\t\t\t\t\t<\/div>\n\t\t\t<\/div>\n\t\t\t\t\t<\/div>\n\t\t","protected":false},"excerpt":{"rendered":"<p>Produits Home &nbsp; | &nbsp; Produits Lanelate Orange C&rsquo;est une orange de taille moyenne, avec une pulpe de texture ferme, un go\u00fbt sucr\u00e9 et agr\u00e9able, doux et \u00e9quilibr\u00e9. Le fruit a un nombril distinctif. Il contient une grande quantit\u00e9 de jus, ce qui en fait un bon candidat pour le jus d&rsquo;orange. POWELL SUMMER NAVEL [&hellip;]<\/p>\n","protected":false},"author":1,"featured_media":0,"parent":0,"menu_order":0,"comment_status":"closed","ping_status":"closed","template":"page-templates\/home.php","meta":{"inline_featured_image":false,"footnotes":""},"class_list":["post-1259","page","type-page","status-publish","hentry"],"aioseo_notices":[],"_links":{"self":[{"href":"https:\/\/mandarinesdirect.com\/fr\/wp-json\/wp\/v2\/pages\/1259","targetHints":{"allow":["GET"]}}],"collection":[{"href":"https:\/\/mandarinesdirect.com\/fr\/wp-json\/wp\/v2\/pages"}],"about":[{"href":"https:\/\/mandarinesdirect.com\/fr\/wp-json\/wp\/v2\/types\/page"}],"author":[{"embeddable":true,"href":"https:\/\/mandarinesdirect.com\/fr\/wp-json\/wp\/v2\/users\/1"}],"replies":[{"embeddable":true,"href":"https:\/\/mandarinesdirect.com\/fr\/wp-json\/wp\/v2\/comments?post=1259"}],"version-history":[{"count":7,"href":"https:\/\/mandarinesdirect.com\/fr\/wp-json\/wp\/v2\/pages\/1259\/revisions"}],"predecessor-version":[{"id":1268,"href":"https:\/\/mandarinesdirect.com\/fr\/wp-json\/wp\/v2\/pages\/1259\/revisions\/1268"}],"wp:attachment":[{"href":"https:\/\/mandarinesdirect.com\/fr\/wp-json\/wp\/v2\/media?parent=1259"}],"curies":[{"name":"wp","href":"https:\/\/api.w.org\/{rel}","templated":true}]}}