{"id":1288,"date":"2022-06-27T10:51:57","date_gmt":"2022-06-27T10:51:57","guid":{"rendered":"https:\/\/mandarinesdirect.com\/produits\/informacio-dinteres\/"},"modified":"2022-11-16T10:55:33","modified_gmt":"2022-11-16T10:55:33","slug":"informations-utiles","status":"publish","type":"page","link":"https:\/\/mandarinesdirect.com\/fr\/produits\/informations-utiles\/","title":{"rendered":"Informations utiles"},"content":{"rendered":"\t\t<div data-elementor-type=\"wp-page\" data-elementor-id=\"1288\" class=\"elementor elementor-1288\">\n\t\t\t\t\t\t<div class=\"elementor-inner\">\n\t\t\t\t<div class=\"elementor-section-wrap\">\n\t\t\t\t\t\t\t\t\t<section class=\"elementor-section elementor-top-section elementor-element elementor-element-1d3f01e1 elementor-section-full_width elementor-section-height-default elementor-section-height-default\" data-id=\"1d3f01e1\" data-element_type=\"section\">\n\t\t\t\t\t\t<div class=\"elementor-container elementor-column-gap-no\">\n\t\t\t\t\t\t\t<div class=\"elementor-row\">\n\t\t\t\t\t<div class=\"elementor-column elementor-col-100 elementor-top-column elementor-element elementor-element-62c5d5b9\" data-id=\"62c5d5b9\" data-element_type=\"column\">\n\t\t\t<div class=\"elementor-column-wrap elementor-element-populated\">\n\t\t\t\t\t\t\t<div class=\"elementor-widget-wrap\">\n\t\t\t\t\t\t<div class=\"elementor-element elementor-element-3e17649 elementor-align-left elementor-widget elementor-widget-about-page-header\" data-id=\"3e17649\" data-element_type=\"widget\" data-widget_type=\"about-page-header.default\">\n\t\t\t\t<div class=\"elementor-widget-container\">\n\t\t\t\r\n\t\t\t\t<div class=\"pages-hero\" style=\"background-image: url(https:\/\/mandarinesdirect.com\/wp-content\/uploads\/2022\/06\/mandarines-direct.jpg);\">\r\n\t\t\r\n\t\t\t<div class=\"container\">\r\n\r\n\t\t\t\t<div class=\"pages-title\">\r\n\r\n\t\t\t\t\t\t\t\t\t\t<h1>Informations utiles<\/h1>\r\n\t\t\t\t\t\r\n\t\t\t\t\t<div class=\"page-nav\">\r\n\r\n\t\t\t\t\t\t\t\t\t\t\t\t\t<p><a href=\"https:\/\/mandarinesdirect.com\/fr\/\">Home<\/a> &nbsp; | &nbsp; <a>Informations utiles<\/a><\/p>\r\n\t\t\t\t\t\t\r\n\t\t\t\t\t<\/div>\r\n\r\n\t\t\t\t<\/div>\r\n\r\n\t\t\t<\/div>  \r\n\r\n\t\t<\/div>\r\n\r\n\t\t\t<\/div>\n\t\t\t\t<\/div>\n\t\t\t\t\t\t<\/div>\n\t\t\t\t\t<\/div>\n\t\t<\/div>\n\t\t\t\t\t\t\t\t<\/div>\n\t\t\t\t\t<\/div>\n\t\t<\/section>\n\t\t\t\t<section class=\"elementor-section elementor-top-section elementor-element elementor-element-b7bd8e7 elementor-section-content-middle elementor-section-boxed elementor-section-height-default elementor-section-height-default\" data-id=\"b7bd8e7\" data-element_type=\"section\">\n\t\t\t\t\t\t<div class=\"elementor-container elementor-column-gap-default\">\n\t\t\t\t\t\t\t<div class=\"elementor-row\">\n\t\t\t\t\t<div class=\"elementor-column elementor-col-33 elementor-top-column elementor-element elementor-element-08b2928\" data-id=\"08b2928\" data-element_type=\"column\">\n\t\t\t<div class=\"elementor-column-wrap elementor-element-populated\">\n\t\t\t\t\t\t\t<div class=\"elementor-widget-wrap\">\n\t\t\t\t\t\t<div class=\"elementor-element elementor-element-3ac1500 elementor-widget elementor-widget-text-editor\" data-id=\"3ac1500\" data-element_type=\"widget\" data-widget_type=\"text-editor.default\">\n\t\t\t\t<div class=\"elementor-widget-container\">\n\t\t\t\t\t\t\t\t<div class=\"elementor-text-editor elementor-clearfix\">\n\t\t\t\t<h5>Le r\u00e9gime m\u00e9diterran\u00e9en<\/h5><h2>Mandarines<br \/><span class=\"light-text\">et oranges<\/span><\/h2><p>Les dates de m\u00fbrissement des fruits sont approximatives car le m\u00fbrissement d\u00e9pend largement des conditions m\u00e9t\u00e9orologiques. Nous n&rsquo;envoyons donc les fruits que lorsqu&rsquo;ils sont \u00e0 leur point de m\u00fbrissement optimal afin de pouvoir garantir leur pleine saveur.<\/p><p><strong>Le r\u00e9gime m\u00e9diterran\u00e9en est bas\u00e9 sur une alimentation saine et vari\u00e9e. Les agrumes sont un fruit tr\u00e8s important dont on ne peut se passer dans ce r\u00e9gime.<\/strong><\/p><p>Ils nous apportent de la vitamine C, n\u00e9cessaire \u00e0 la croissance et au d\u00e9veloppement ainsi qu&rsquo;\u00e0 la r\u00e9cup\u00e9ration des tissus, des flavono\u00efdes, qui nous aident \u00e0 r\u00e9duire le risque de subir une crise cardiaque ou un accident vasculaire c\u00e9r\u00e9bral, et du b\u00eata-carot\u00e8ne, essentiel \u00e0 la vue, \u00e0 la peau, aux cheveux et au bon fonctionnement du syst\u00e8me immunitaire.<\/p><p>Ils sont faibles en calories et riches en nutriments.<\/p><p>C&rsquo;est pourquoi leur consommation est recommand\u00e9e. Les dates de m\u00fbrissement des fruits sont approximatives car le m\u00fbrissement d\u00e9pend largement des conditions m\u00e9t\u00e9orologiques. Nous n&rsquo;envoyons donc les fruits que lorsqu&rsquo;ils sont \u00e0 leur point de m\u00fbrissement optimal afin de pouvoir garantir leur pleine saveur.<\/p>\t\t\t\t\t<\/div>\n\t\t\t\t\t\t<\/div>\n\t\t\t\t<\/div>\n\t\t\t\t<div class=\"elementor-element elementor-element-26c7801 elementor-align-left elementor-widget elementor-widget-button\" data-id=\"26c7801\" data-element_type=\"widget\" data-widget_type=\"button.default\">\n\t\t\t\t<div class=\"elementor-widget-container\">\n\t\t\t\t\t<div class=\"elementor-button-wrapper\">\n\t\t\t<a href=\"https:\/\/mandarinesdirect.com\/fr\/produits\/\" class=\"elementor-button-link elementor-button elementor-size-sm\" role=\"button\">\n\t\t\t\t\t\t<span class=\"elementor-button-content-wrapper\">\n\t\t\t\t\t\t<span class=\"elementor-button-text\">Consulter nos produits<\/span>\n\t\t<\/span>\n\t\t\t\t\t<\/a>\n\t\t<\/div>\n\t\t\t\t<\/div>\n\t\t\t\t<\/div>\n\t\t\t\t\t\t<\/div>\n\t\t\t\t\t<\/div>\n\t\t<\/div>\n\t\t\t\t<div class=\"elementor-column elementor-col-66 elementor-top-column elementor-element elementor-element-28e2f25\" data-id=\"28e2f25\" data-element_type=\"column\">\n\t\t\t<div class=\"elementor-column-wrap elementor-element-populated\">\n\t\t\t\t\t\t\t<div class=\"elementor-widget-wrap\">\n\t\t\t\t\t\t<div class=\"elementor-element elementor-element-a8e0c33 elementor-widget__width-inherit elementor-widget elementor-widget-image\" data-id=\"a8e0c33\" data-element_type=\"widget\" data-widget_type=\"image.default\">\n\t\t\t\t<div class=\"elementor-widget-container\">\n\t\t\t\t\t\t\t\t<div class=\"elementor-image\">\n\t\t\t\t\t\t\t\t\t\t\t\t<img loading=\"lazy\" decoding=\"async\" width=\"900\" height=\"243\" src=\"https:\/\/mandarinesdirect.com\/wp-content\/uploads\/2022\/07\/22-QUADRES-MADURACIO\u0301-mandarinas-direct-e1657210658960-1024x277.jpg\" class=\"attachment-large size-large wp-image-914\" alt=\"\" srcset=\"https:\/\/mandarinesdirect.com\/wp-content\/uploads\/2022\/07\/22-QUADRES-MADURACIO\u0301-mandarinas-direct-e1657210658960-1024x277.jpg 1024w, https:\/\/mandarinesdirect.com\/wp-content\/uploads\/2022\/07\/22-QUADRES-MADURACIO\u0301-mandarinas-direct-e1657210658960-300x81.jpg 300w, https:\/\/mandarinesdirect.com\/wp-content\/uploads\/2022\/07\/22-QUADRES-MADURACIO\u0301-mandarinas-direct-e1657210658960-768x208.jpg 768w, https:\/\/mandarinesdirect.com\/wp-content\/uploads\/2022\/07\/22-QUADRES-MADURACIO\u0301-mandarinas-direct-e1657210658960.jpg 1316w\" sizes=\"auto, (max-width: 900px) 100vw, 900px\" \/>\t\t\t\t\t\t\t\t\t\t\t\t\t\t<\/div>\n\t\t\t\t\t\t<\/div>\n\t\t\t\t<\/div>\n\t\t\t\t\t\t<\/div>\n\t\t\t\t\t<\/div>\n\t\t<\/div>\n\t\t\t\t\t\t\t\t<\/div>\n\t\t\t\t\t<\/div>\n\t\t<\/section>\n\t\t\t\t<section class=\"elementor-section elementor-top-section elementor-element elementor-element-725f5f63 elementor-section-full_width elementor-section-height-default elementor-section-height-default\" data-id=\"725f5f63\" data-element_type=\"section\">\n\t\t\t\t\t\t<div class=\"elementor-container elementor-column-gap-no\">\n\t\t\t\t\t\t\t<div class=\"elementor-row\">\n\t\t\t\t\t<div class=\"elementor-column elementor-col-100 elementor-top-column elementor-element elementor-element-6b59cc30\" data-id=\"6b59cc30\" data-element_type=\"column\">\n\t\t\t<div class=\"elementor-column-wrap elementor-element-populated\">\n\t\t\t\t\t\t\t<div class=\"elementor-widget-wrap\">\n\t\t\t\t\t\t<div class=\"elementor-element elementor-element-e038aeb elementor-align-justify elementor-widget elementor-widget-home-2-slider\" data-id=\"e038aeb\" data-element_type=\"widget\" data-widget_type=\"home-2-slider.default\">\n\t\t\t\t<div class=\"elementor-widget-container\">\n\t\t\t\r\n\t\t<div class=\"carousel-wrapper mt-5 mb-5\">\r\n\r\n            <div class=\"wide-slider-layer\">\r\n\r\n                <div class=\"owl-carousel owl-theme\">\r\n\r\n                \t\r\n                    <div class=\"item\">\r\n\r\n                        <div class=\"row no-gutters\"> \r\n\r\n                            <div class=\"col-lg-6 carousel-left-layer\"> \r\n\r\n                                <div class=\"carousel-content\">\r\n\r\n                                \t                                    <h5>D\u00e9but de saison<\/h5>\r\n                                    \r\n                                                                        <h2><a href=\"\">Cl\u00e9mentines (mandarines)<br \/><span class=\"light-text\">D'octobre jusqu'\u00e0 fin Janvier<\/span><\/a><\/h2>\r\n                                    \r\n                                                                        <p>La saison des cl\u00e9mentines commence en octobre jusqu'\u00e0 fin janvier.<\/p>\r\n                                    \r\n                                    \r\n                                <\/div>\r\n\r\n                            <\/div> \r\n\r\n                                                        <div class=\"col-lg-6\">\r\n                                <figure class=\"carousel-bg-2\" style=\"background-image: url(https:\/\/mandarinesdirect.com\/wp-content\/uploads\/2022\/06\/mandarines-direct-mandarines.jpg);\"><\/figure>\r\n                            <\/div> \r\n                            \r\n                        <\/div> \r\n\r\n                    <\/div>\r\n\r\n                    \r\n                <\/div>\r\n\r\n                <div class=\"owl-theme\">\r\n\r\n                    <div class=\"owl-controls\">\r\n\r\n                        <div class=\"custom-nav owl-nav\"><\/div>\r\n\r\n                    <\/div>\r\n\r\n                <\/div>\r\n\r\n            <\/div>\r\n\r\n            <div class=\"wide-slider-layer-alt-2 col-mt-lg\">\r\n\r\n                <div class=\"owl-carousel owl-theme\">\r\n\r\n                \t\r\n                    <div class=\"item\">\r\n\r\n                        <div class=\"row no-gutters\"> \r\n\r\n                                                        <div class=\"col-lg-6\">\r\n                                <figure class=\"carousel-bg-3\" style=\"background-image: url(https:\/\/mandarinesdirect.com\/wp-content\/uploads\/2022\/06\/mandarines-direct-queoferim.jpg);\"><\/figure>\r\n                            <\/div> \r\n                            \r\n                            <div class=\"col-lg-6 carousel-left-layer\"> \r\n\r\n                                <div class=\"carousel-content\">\r\n\r\n                                                                        <h5>D\u00e9but de saison<\/h5>\r\n                                    \r\n                                                                        <h2><a href=\"\">Des oranges<br \/><span class=\"light-text\">De f\u00e9vrier \u00e0 juin<\/span><\/a><\/h2>\r\n                                    \r\n                                                                        <p>Alors qu'avec les diff\u00e9rentes vari\u00e9t\u00e9s d'oranges, la r\u00e9colte s'\u00e9tend de f\u00e9vrier \u00e0 juin.<\/p>\r\n                                    \r\n                                    \r\n                                <\/div>\r\n\r\n                            <\/div> \r\n\r\n                        <\/div> \r\n\r\n                    <\/div>\r\n\r\n                    \r\n                <\/div>\r\n\r\n                <div class=\"owl-theme\">\r\n\r\n                    <div class=\"owl-controls\">\r\n\r\n                        <div class=\"custom-nav owl-nav\"><\/div>\r\n\r\n                    <\/div>\r\n\r\n                <\/div>\r\n\r\n            <\/div>\r\n\r\n        <\/div>\r\n\r\n\t\t\t<\/div>\n\t\t\t\t<\/div>\n\t\t\t\t\t\t<\/div>\n\t\t\t\t\t<\/div>\n\t\t<\/div>\n\t\t\t\t\t\t\t\t<\/div>\n\t\t\t\t\t<\/div>\n\t\t<\/section>\n\t\t\t\t<section class=\"elementor-section elementor-top-section elementor-element elementor-element-89d12a6 elementor-section-content-middle elementor-section-boxed elementor-section-height-default elementor-section-height-default\" data-id=\"89d12a6\" data-element_type=\"section\">\n\t\t\t\t\t\t<div class=\"elementor-container elementor-column-gap-default\">\n\t\t\t\t\t\t\t<div class=\"elementor-row\">\n\t\t\t\t\t<div class=\"elementor-column elementor-col-50 elementor-top-column elementor-element elementor-element-cb34d3e\" data-id=\"cb34d3e\" data-element_type=\"column\">\n\t\t\t<div class=\"elementor-column-wrap elementor-element-populated\">\n\t\t\t\t\t\t\t<div class=\"elementor-widget-wrap\">\n\t\t\t\t\t\t<div class=\"elementor-element elementor-element-9bfdd4e elementor-widget elementor-widget-text-editor\" data-id=\"9bfdd4e\" data-element_type=\"widget\" data-widget_type=\"text-editor.default\">\n\t\t\t\t<div class=\"elementor-widget-container\">\n\t\t\t\t\t\t\t\t<div class=\"elementor-text-editor elementor-clearfix\">\n\t\t\t\t<div class=\"careers-info\"><h5>Vitamine C et la Vitamine A<\/h5><h2>Se caract\u00e9risent<span class=\"light-text\"> par leur valeur nutritionnelle<\/span><\/h2><p><strong>Les agrumes sont tr\u00e8s int\u00e9ressants sur le plan nutritionnel en raison de leur teneur \u00e9lev\u00e9e en vitamines (surtout la vitamine C et la vitamine A), en acide folique, en min\u00e9raux (surtout le potassium) et en antioxydants.<\/strong><\/p><p>La production est r\u00e9alis\u00e9e selon des crit\u00e8res de durabilit\u00e9 et de respect de l&rsquo;environnement, en terminant le cycle de culture par la r\u00e9colte du fruit au moment optimal de maturit\u00e9, en \u00e9vitant le stockage au froid, en obtenant un produit de la plus haute qualit\u00e9 possible et avec les plus hauts niveaux de nutriments.<\/p><\/div>\t\t\t\t\t<\/div>\n\t\t\t\t\t\t<\/div>\n\t\t\t\t<\/div>\n\t\t\t\t\t\t<\/div>\n\t\t\t\t\t<\/div>\n\t\t<\/div>\n\t\t\t\t<div class=\"elementor-column elementor-col-50 elementor-top-column elementor-element elementor-element-b7ca8d1\" data-id=\"b7ca8d1\" data-element_type=\"column\">\n\t\t\t<div class=\"elementor-column-wrap elementor-element-populated\">\n\t\t\t\t\t\t\t<div class=\"elementor-widget-wrap\">\n\t\t\t\t\t\t<div class=\"elementor-element elementor-element-bddd86a elementor-widget__width-inherit elementor-widget elementor-widget-image\" data-id=\"bddd86a\" data-element_type=\"widget\" data-widget_type=\"image.default\">\n\t\t\t\t<div class=\"elementor-widget-container\">\n\t\t\t\t\t\t\t\t<div class=\"elementor-image\">\n\t\t\t\t\t\t\t\t\t\t\t\t<img loading=\"lazy\" decoding=\"async\" width=\"900\" height=\"321\" src=\"https:\/\/mandarinesdirect.com\/wp-content\/uploads\/2022\/07\/22-valors-nutricionals-mandarinas-direct-e1657210555839-1024x365.jpg\" class=\"attachment-large size-large wp-image-915\" alt=\"\" srcset=\"https:\/\/mandarinesdirect.com\/wp-content\/uploads\/2022\/07\/22-valors-nutricionals-mandarinas-direct-e1657210555839-1024x365.jpg 1024w, https:\/\/mandarinesdirect.com\/wp-content\/uploads\/2022\/07\/22-valors-nutricionals-mandarinas-direct-e1657210555839-300x107.jpg 300w, https:\/\/mandarinesdirect.com\/wp-content\/uploads\/2022\/07\/22-valors-nutricionals-mandarinas-direct-e1657210555839-768x273.jpg 768w, https:\/\/mandarinesdirect.com\/wp-content\/uploads\/2022\/07\/22-valors-nutricionals-mandarinas-direct-e1657210555839.jpg 1236w\" sizes=\"auto, (max-width: 900px) 100vw, 900px\" \/>\t\t\t\t\t\t\t\t\t\t\t\t\t\t<\/div>\n\t\t\t\t\t\t<\/div>\n\t\t\t\t<\/div>\n\t\t\t\t\t\t<\/div>\n\t\t\t\t\t<\/div>\n\t\t<\/div>\n\t\t\t\t\t\t\t\t<\/div>\n\t\t\t\t\t<\/div>\n\t\t<\/section>\n\t\t\t\t\t\t\t\t\t<\/div>\n\t\t\t<\/div>\n\t\t\t\t\t<\/div>\n\t\t","protected":false},"excerpt":{"rendered":"<p>Informations utiles Home &nbsp; | &nbsp; Informations utiles Le r\u00e9gime m\u00e9diterran\u00e9en Mandarineset oranges Les dates de m\u00fbrissement des fruits sont approximatives car le m\u00fbrissement d\u00e9pend largement des conditions m\u00e9t\u00e9orologiques. Nous n&rsquo;envoyons donc les fruits que lorsqu&rsquo;ils sont \u00e0 leur point de m\u00fbrissement optimal afin de pouvoir garantir leur pleine saveur. Le r\u00e9gime m\u00e9diterran\u00e9en est bas\u00e9 [&hellip;]<\/p>\n","protected":false},"author":1,"featured_media":0,"parent":1259,"menu_order":0,"comment_status":"closed","ping_status":"closed","template":"page-templates\/home.php","meta":{"inline_featured_image":false,"footnotes":""},"class_list":["post-1288","page","type-page","status-publish","hentry"],"aioseo_notices":[],"_links":{"self":[{"href":"https:\/\/mandarinesdirect.com\/fr\/wp-json\/wp\/v2\/pages\/1288","targetHints":{"allow":["GET"]}}],"collection":[{"href":"https:\/\/mandarinesdirect.com\/fr\/wp-json\/wp\/v2\/pages"}],"about":[{"href":"https:\/\/mandarinesdirect.com\/fr\/wp-json\/wp\/v2\/types\/page"}],"author":[{"embeddable":true,"href":"https:\/\/mandarinesdirect.com\/fr\/wp-json\/wp\/v2\/users\/1"}],"replies":[{"embeddable":true,"href":"https:\/\/mandarinesdirect.com\/fr\/wp-json\/wp\/v2\/comments?post=1288"}],"version-history":[{"count":7,"href":"https:\/\/mandarinesdirect.com\/fr\/wp-json\/wp\/v2\/pages\/1288\/revisions"}],"predecessor-version":[{"id":2171,"href":"https:\/\/mandarinesdirect.com\/fr\/wp-json\/wp\/v2\/pages\/1288\/revisions\/2171"}],"up":[{"embeddable":true,"href":"https:\/\/mandarinesdirect.com\/fr\/wp-json\/wp\/v2\/pages\/1259"}],"wp:attachment":[{"href":"https:\/\/mandarinesdirect.com\/fr\/wp-json\/wp\/v2\/media?parent=1288"}],"curies":[{"name":"wp","href":"https:\/\/api.w.org\/{rel}","templated":true}]}}